{"id":980,"date":"2023-01-30T07:32:06","date_gmt":"2023-01-30T07:32:06","guid":{"rendered":"http:\/\/zdravljestudenata.ba\/?page_id=980"},"modified":"2023-01-30T07:45:24","modified_gmt":"2023-01-30T07:45:24","slug":"prijavi-korupciju","status":"publish","type":"page","link":"https:\/\/zdravljestudenata.ba\/?page_id=980","title":{"rendered":"Prijavi korupciju"},"content":{"rendered":"\n<p><strong>Na\u010din podno\u0161enja prijave u JU Zavod za zdravstvenu za\u0161titu studenata<\/strong> <strong>Kantona Srajevo<\/strong><\/p>\n\n\n\n<ul class=\"wp-block-list\"><li>Prijava korupcije podnosi se pisanim putem na Obrascu za prijavljivanje korupcije koji \u010dini sastavni dio ovog Pravilnika i sadr\u017ei:<\/li><li>podatke o prijavitelju korupcije;<\/li><li>naziv i sjedi\u0161te Zavoda<\/li><li>opis radnje ili pona\u0161anja koje se prijavljuje kao korupcija, uz navo\u0111enje konkretnih \u010dinjenica i okolnosti iz kojih proizlazi sumnja prijavitelja da je izvr\u0161ena korupcija.<\/li><\/ul>\n\n\n\n<p>&nbsp;&nbsp;&nbsp;&nbsp; c)&nbsp; podatke o licu za koje prijavitelj sumnja da je izvr\u0161ilo korupciju, ukoliko prijavitelj ima informacije o tome u trenutku podno\u0161enja prijave.<\/p>\n\n\n\n<p>Uz prijavu iz stava (1) ovog \u010dlana, prijavitelj dostavlja sve podatke i dokumentaciju iz koje proizilazi sumnja da je izv\u0161ena korupcija, ukoliko istim raspola\u017ee.<\/p>\n\n\n\n<ul class=\"wp-block-list\"><li>Prijava korupcije mo\u017ee biti anonimna.<\/li><li>Prijava se podnosi putem zaklju\u010danog sandu\u010di\u0107a smje\u0161tenog na vidnom mjestu u prostorijama Zavoda. Prijava se mo\u017ee podnijeti i putem protokola, putem po\u0161te, putem elektronske po\u0161te (e-mail, ili usmeno izjaviti na zapisnik).<\/li><li>Odgovorno lice du\u017eno je omogu\u0107iti podno\u0161enje prijave korupcije tako \u0161to \u0107e na vidnom mjestu, dostupnom prijavitelju, postaviti kutiju\/sandu\u010de za prijave, sa jasnom naznakom: \u201cZA PRIJAVU KORUPCIJE\u201d.<\/li><\/ul>\n\n\n\n<hr class=\"wp-block-separator has-alpha-channel-opacity\"\/>\n\n\n\n<blockquote class=\"wp-block-quote is-layout-flow wp-block-quote-is-layout-flow\"><p><br>\u201ekorupcija\u201d podrazumijeva zloupotrebu povjerene funkcije, radne obaveze ili posla od strane nosioca javne funkcije ili javnog slu\u017ebenika u institucijama Kantona Sarajevo, Grada Sarajevo, ili op\u0107ina na teritoriji Kantona Sarajevo, koja mo\u017ee dovesti do sticanja privatne koristi;<\/p><p>\u201e\u0161tetna radnja\u201d je ugro\u017eavanje ili povreda prava prijavitelja korupcije, a koja je u uzro\u010dno-posljedi\u010dnoj vezi sa prijavom korupcije ili bilo kakvo stavljanje prijavitelja korupcije u nepovoljniji polo\u017eaj zbog prijave korupcije. \u0160tetna radnja posebno podrazumijeva svako isklju\u010divanje ili ograni\u010davanje prijaviteljeve mogu\u0107nosti u\u010destvovanja u konkursima za zapo\u0161ljavanje ili unapre\u0111enje, prestanak radnog odnosa, premje\u0161taj, isklju\u010divanje ili ograni\u010davanje mogu\u0107nosti stru\u010dnog obrazovanja i usavr\u0161avanja, lo\u0161iju ocjenu rada, lo\u0161ije uslove i zahtjeve rada, suspenziju sa poslova i pla\u0107e, vra\u0107anje na ni\u017eu kategoriju u okviru radnih mjesta, izostanak poslovnog anga\u017emana, stvaranje radnih uslova kojima bi se prijavitelj i ostali zaposlenici odvratili od za\u0161ti\u0107enog prijavljivanja, uznemiravanje, mobing, kao i svaka druga okolnost koja ima za svrhu ili posljedicu da se prijavitelju onemogu\u0107i ili ugro\u017eava priznavanje, u\u017eivanje ili ostvarivanje, na ravnopravnom osnovu prava i sloboda u svim oblastima javnog \u017eivota, a koja se mo\u017ee dovesti u neposrednu ili posrednu vezu sa prijavljivanjem korupcije;<\/p><p>\u201eradnik\u201c je lice zaposleno u Zavodu po ugovoru o radu na neodre\u0111eno ili odre\u0111eno vrijeme, volonter, pripravnik, lice anga\u017eovano po ugovoru o djelu, lice koje obavlja rukovodne poslove.<\/p><p><\/p><p>&#8211; <a href=\"http:\/\/zdravljestudenata.ba\/wp-content\/uploads\/2023\/01\/Obrazac-za-prijavu-korupcije.pdf\"><em>Obrazac za prijavu korupcije (KLIKNI OVDJE ZA PREUZIMANJE)<\/em><\/a><\/p><cite>&#8211; <a href=\"http:\/\/zdravljestudenata.ba\/wp-content\/uploads\/2023\/01\/Pravilnik-o-internom-prijavljivanju-korupcije-u-JUKS-Zavod-za-zdravstvenu-zastitu-studenata-UNSA.pdf\">Pravilnik o internom prijavljivanju korupcije (KLIKNI OVDJE ZA PREUZIMANJE)<\/a><\/cite><\/blockquote>\n\n\n\n<hr class=\"wp-block-separator has-alpha-channel-opacity\"\/>\n\n\n\n<p><\/p>\n","protected":false},"excerpt":{"rendered":"<p>Na\u010din podno\u0161enja prijave u JU Zavod za zdravstvenu za\u0161titu studenata Kantona Srajevo Prijava korupcije podnosi se pisanim putem na Obrascu za prijavljivanje korupcije koji \u010dini sastavni dio ovog Pravilnika i sadr\u017ei: podatke o prijavitelju korupcije; naziv i sjedi\u0161te Zavoda opis radnje ili pona\u0161anja koje se prijavljuje kao korupcija, uz navo\u0111enje konkretnih \u010dinjenica i okolnosti iz [&hellip;]<\/p>\n","protected":false},"author":1,"featured_media":0,"parent":0,"menu_order":0,"comment_status":"closed","ping_status":"closed","template":"","meta":{"_monsterinsights_skip_tracking":false,"_monsterinsights_sitenote_active":false,"_monsterinsights_sitenote_note":"","_monsterinsights_sitenote_category":0,"footnotes":""},"class_list":["post-980","page","type-page","status-publish","hentry"],"_links":{"self":[{"href":"https:\/\/zdravljestudenata.ba\/index.php?rest_route=\/wp\/v2\/pages\/980"}],"collection":[{"href":"https:\/\/zdravljestudenata.ba\/index.php?rest_route=\/wp\/v2\/pages"}],"about":[{"href":"https:\/\/zdravljestudenata.ba\/index.php?rest_route=\/wp\/v2\/types\/page"}],"author":[{"embeddable":true,"href":"https:\/\/zdravljestudenata.ba\/index.php?rest_route=\/wp\/v2\/users\/1"}],"replies":[{"embeddable":true,"href":"https:\/\/zdravljestudenata.ba\/index.php?rest_route=%2Fwp%2Fv2%2Fcomments&post=980"}],"version-history":[{"count":7,"href":"https:\/\/zdravljestudenata.ba\/index.php?rest_route=\/wp\/v2\/pages\/980\/revisions"}],"predecessor-version":[{"id":997,"href":"https:\/\/zdravljestudenata.ba\/index.php?rest_route=\/wp\/v2\/pages\/980\/revisions\/997"}],"wp:attachment":[{"href":"https:\/\/zdravljestudenata.ba\/index.php?rest_route=%2Fwp%2Fv2%2Fmedia&parent=980"}],"curies":[{"name":"wp","href":"https:\/\/api.w.org\/{rel}","templated":true}]}}