{"id":98,"date":"2017-01-04T23:28:36","date_gmt":"2017-01-04T23:28:36","guid":{"rendered":"http:\/\/zdravljestudenata.ba\/?page_id=98"},"modified":"2025-02-25T07:44:24","modified_gmt":"2025-02-25T07:44:24","slug":"rj-opca-primarna-zdravstvena-zastita-sa-higijensko-epidemioloskom-sluzbom","status":"publish","type":"page","link":"https:\/\/zdravljestudenata.ba\/?page_id=98","title":{"rendered":"RJ Op\u0107a primarna zdravstvena za\u0161tita"},"content":{"rendered":"<p><img loading=\"lazy\" decoding=\"async\" class=\" wp-image-171 aligncenter\" src=\"http:\/\/zdravljestudenata.ba\/wp-content\/uploads\/2017\/01\/dinero-rapidoy-urgente-para-tratamiento-medico-1-768x380-1-300x148.jpg\" alt=\"\" width=\"490\" height=\"242\" \/><\/p>\n<p>RJ Op\u0107a primarna zdravstvena za\u0161tita sa higijensko-epidemiolo\u0161kom slu\u017ebom pru\u017ea za\u0161titu za populaciju od 18 do 27 godina i uposlenike Univerziteta u Sarajevu. Obuhvata aktivnosti na o\u010duvanju i unaprije\u0111enju zdravlja kroz sljede\u0107e aktivnosti:<\/p>\n<ul>\n<li style=\"list-style-type: none;\">\n<ul>\n<li><strong>Ambulantno lije\u010denje i dijagnostika.<\/strong><\/li>\n<\/ul>\n<\/li>\n<\/ul>\n<ul>\n<li style=\"list-style-type: none;\">\n<ul>\n<li><strong>Sistematski i kontrolni pregledi.<\/strong><\/li>\n<\/ul>\n<\/li>\n<\/ul>\n<ul>\n<li style=\"list-style-type: none;\">\n<ul>\n<li><strong>Ciljane sistematske preglede.<\/strong><\/li>\n<\/ul>\n<\/li>\n<\/ul>\n<ul>\n<li style=\"list-style-type: none;\">\n<ul>\n<li><strong>Izdavanje ljekarskih uvjerenja.<\/strong><\/li>\n<\/ul>\n<\/li>\n<\/ul>\n<p>Radno vrijeme RJ sa pacijentima je svakim radnim danom od <strong>07:30h &#8211; 14:00 h<\/strong>. Prilikom prve posjete ovoj RJ (nakon upisa) potrebno je da imate ovjerenu zdravstvenu knji\u017eicu, a ukoliko dolazite iz Kantona Sarajevo trebate ranije podnijeti zahtjev za prebacivanjem kartona iz porodi\u010dne medicine. \u00a0Studentima iz vanjskih kantona uz ovjerenu knji\u017eicu se odmah otvara i karton.<\/p>\n\n\n<p><\/p>\n","protected":false},"excerpt":{"rendered":"<p>RJ Op\u0107a primarna zdravstvena za\u0161tita sa higijensko-epidemiolo\u0161kom slu\u017ebom pru\u017ea za\u0161titu za populaciju od 18 do 27 godina i uposlenike Univerziteta u Sarajevu. Obuhvata aktivnosti na o\u010duvanju i unaprije\u0111enju zdravlja kroz sljede\u0107e aktivnosti: Ambulantno lije\u010denje i dijagnostika. Sistematski i kontrolni pregledi. Ciljane sistematske preglede. Izdavanje ljekarskih uvjerenja. Radno vrijeme RJ sa pacijentima je svakim radnim danom [&hellip;]<\/p>\n","protected":false},"author":1,"featured_media":0,"parent":0,"menu_order":0,"comment_status":"closed","ping_status":"closed","template":"","meta":{"_monsterinsights_skip_tracking":false,"_monsterinsights_sitenote_active":false,"_monsterinsights_sitenote_note":"","_monsterinsights_sitenote_category":0,"footnotes":""},"class_list":["post-98","page","type-page","status-publish","hentry"],"_links":{"self":[{"href":"https:\/\/zdravljestudenata.ba\/index.php?rest_route=\/wp\/v2\/pages\/98"}],"collection":[{"href":"https:\/\/zdravljestudenata.ba\/index.php?rest_route=\/wp\/v2\/pages"}],"about":[{"href":"https:\/\/zdravljestudenata.ba\/index.php?rest_route=\/wp\/v2\/types\/page"}],"author":[{"embeddable":true,"href":"https:\/\/zdravljestudenata.ba\/index.php?rest_route=\/wp\/v2\/users\/1"}],"replies":[{"embeddable":true,"href":"https:\/\/zdravljestudenata.ba\/index.php?rest_route=%2Fwp%2Fv2%2Fcomments&post=98"}],"version-history":[{"count":11,"href":"https:\/\/zdravljestudenata.ba\/index.php?rest_route=\/wp\/v2\/pages\/98\/revisions"}],"predecessor-version":[{"id":1364,"href":"https:\/\/zdravljestudenata.ba\/index.php?rest_route=\/wp\/v2\/pages\/98\/revisions\/1364"}],"wp:attachment":[{"href":"https:\/\/zdravljestudenata.ba\/index.php?rest_route=%2Fwp%2Fv2%2Fmedia&parent=98"}],"curies":[{"name":"wp","href":"https:\/\/api.w.org\/{rel}","templated":true}]}}