{"id":62,"date":"2017-01-04T21:37:11","date_gmt":"2017-01-04T21:37:11","guid":{"rendered":"http:\/\/zdravljestudenata.ba\/?page_id=62"},"modified":"2017-01-04T23:58:45","modified_gmt":"2017-01-04T23:58:45","slug":"o-nama","status":"publish","type":"page","link":"https:\/\/zdravljestudenata.ba\/?page_id=62","title":{"rendered":"Historija"},"content":{"rendered":"<p>JUKS <strong>&#8220;Zavod za zdravstvenu za\u0161titu studenata\u00a0<\/strong>\u00a0<strong>Univerziteta u Sarajevu<\/strong>&#8221; osnovan je rje\u0161enjem <em>Vlade NRBIH <\/em>14.10.1949. godine u Sarajevu pod imenom <strong>&#8220;Studentska poliklinika&#8221;<\/strong>. Pravo osniva\u010da &#8221; Studentske poliklinike&#8221; prene\u0161eno je na Sekretarijat Univerziteta u Sarajevu <strong>27.01.1952<\/strong>. godine. Sjedi\u0161te ustanove je od 1949- 1990. godine bilo u Sarajevu( <em>Jadranska ulica br. 2<\/em>) u podrumu Pravosudne palate. Ve\u0107 <strong>1980<\/strong>. godine u novom objektu Studentskog doma Ned\u017eari\u0107i \u00a0otvoren je primjereno lijep punkt za<em> juvenilnu adolescentnu ginekologiju<\/em>. Ambulanta op\u0161te medicine sa intervencijom i jedna stomatolo\u0161ka ordinacija otvorene su ve\u0107 godinu dana poslije a potom<strong> 1984<\/strong>. godine u adaptiranom prostoru Studentskog doma Bjelave otvorena je tako\u0111er ordinacija op\u0161te medicine sa intervencijom ali i <em>Savjetovali\u0161te za mentalno zdravlje sa namjenskim prostorom za : Neuropsihijatra, socijalnog radnika, klini\u010dkog psihologa i medicinsku sestru<\/em>. \u00a0Od momenta osnivanja <strong>Zavod<\/strong> je mijenjao nazive( <em>Studentska poliklinika, Dom zdravlja, Zdravstvena stanica, Zavod<\/em>).<\/p>\n<p><strong>1987<\/strong>. godine po\u010dela je izgradnja objekta na novoj lokaciji( ulica Hasana brki\u0107a 36)\u00a0a tri godine poslije projekat je zavr\u0161en i objekat je useljen te je time zatvoren istureni punkt u Studentskom domu Bjelave dok je ostavljen punkt u Studentskom domu Ned\u017eari\u0107i. Na navedenim lokalitetima Zavod je djelovao sve do po\u010detka agresije (april 1992. godine).<\/p>\n<p>Osniva\u010d Zavoda je <em>Skup\u0161tina Kantona Sarajevo<\/em>. Odlukom o preuzimanju obaveza i prava Osniva\u010da Zavod je osnovan u cilju obavljanja primarne i specijalisti\u010dko- konsultativne zdravstvene za\u0161tite studenata Univerziteta u Sarajevu na podru\u010dju Kantona Sarajevo.<\/p>\n<p>&nbsp;<\/p>\n<p>Zavod u kontinuitetu egzistira preko 60 godina i pru\u017ea zdravstvenu za\u0161titu mladima sa statusom studenta Univerziteta u Sarajevu za vrijeme \u0161kolovanja(u periodu od 19. -26. godine).<\/p>\n","protected":false},"excerpt":{"rendered":"<p>JUKS &#8220;Zavod za zdravstvenu za\u0161titu studenata\u00a0\u00a0Univerziteta u Sarajevu&#8221; osnovan je rje\u0161enjem Vlade NRBIH 14.10.1949. godine u Sarajevu pod imenom &#8220;Studentska poliklinika&#8221;. Pravo osniva\u010da &#8221; Studentske poliklinike&#8221; prene\u0161eno je na Sekretarijat Univerziteta u Sarajevu 27.01.1952. godine. Sjedi\u0161te ustanove je od 1949- 1990. godine bilo u Sarajevu( Jadranska ulica br. 2) u podrumu Pravosudne palate. Ve\u0107 1980. [&hellip;]<\/p>\n","protected":false},"author":1,"featured_media":0,"parent":0,"menu_order":0,"comment_status":"closed","ping_status":"closed","template":"","meta":{"_monsterinsights_skip_tracking":false,"_monsterinsights_sitenote_active":false,"_monsterinsights_sitenote_note":"","_monsterinsights_sitenote_category":0,"footnotes":""},"class_list":["post-62","page","type-page","status-publish","hentry"],"_links":{"self":[{"href":"https:\/\/zdravljestudenata.ba\/index.php?rest_route=\/wp\/v2\/pages\/62"}],"collection":[{"href":"https:\/\/zdravljestudenata.ba\/index.php?rest_route=\/wp\/v2\/pages"}],"about":[{"href":"https:\/\/zdravljestudenata.ba\/index.php?rest_route=\/wp\/v2\/types\/page"}],"author":[{"embeddable":true,"href":"https:\/\/zdravljestudenata.ba\/index.php?rest_route=\/wp\/v2\/users\/1"}],"replies":[{"embeddable":true,"href":"https:\/\/zdravljestudenata.ba\/index.php?rest_route=%2Fwp%2Fv2%2Fcomments&post=62"}],"version-history":[{"count":2,"href":"https:\/\/zdravljestudenata.ba\/index.php?rest_route=\/wp\/v2\/pages\/62\/revisions"}],"predecessor-version":[{"id":125,"href":"https:\/\/zdravljestudenata.ba\/index.php?rest_route=\/wp\/v2\/pages\/62\/revisions\/125"}],"wp:attachment":[{"href":"https:\/\/zdravljestudenata.ba\/index.php?rest_route=%2Fwp%2Fv2%2Fmedia&parent=62"}],"curies":[{"name":"wp","href":"https:\/\/api.w.org\/{rel}","templated":true}]}}