{"id":505,"date":"2020-06-22T11:26:14","date_gmt":"2020-06-22T11:26:14","guid":{"rendered":"http:\/\/zdravljestudenata.ba\/?page_id=505"},"modified":"2026-02-11T06:30:09","modified_gmt":"2026-02-11T06:30:09","slug":"ljekarska-uvjerenja-za-upis-na-fakultet","status":"publish","type":"page","link":"https:\/\/zdravljestudenata.ba\/?page_id=505","title":{"rendered":"Ljekarska uvjerenja za studente"},"content":{"rendered":"\n<p class=\"has-text-align-center\"><strong>&nbsp;<\/strong><\/p>\n\n\n\n<p class=\"has-text-align-center\"><strong>Ljekarski pregledi radi upisa na fakultet, upisa na master ili smje\u0161taja u studentski dom vr\u0161e se svaki radni radni dan od 8:00 do 14:00 sati.<\/strong><\/p>\n\n\n\n<p class=\"has-text-align-center\"><strong>Za ljekarski pregled nije potrebno zakazivanje termina.<\/strong><\/p>\n\n\n\n<p class=\"has-text-align-center\">Ponijeti sa sobom neki od dokumenata sa slikom (li\u010dna karta, paso\u0161&#8230;), zdravstvena knji\u017eica nije potrebna!<\/p>\n\n\n\n<p class=\"has-text-align-center\"><strong>&nbsp;<\/strong><\/p>\n\n\n\n<p>Cijena: <strong>30,00 KM<\/strong><\/p>\n\n\n\n<p class=\"has-text-align-left\">Uplate za ljekarska uvjerenja vr\u0161e se na na\u0161 transakcijski ra\u010dun br. <strong>1610000035830065<\/strong><\/p>\n\n\n\n<p>Primalac: <strong>JUKS Zavod za zdravstvenu za\u0161titu studenata UNSA<\/strong><\/p>\n\n\n\n<p>Svrha (jedna od sljede\u0107ih):<\/p>\n\n\n\n<ul class=\"wp-block-list\">\n<li><strong>Uplata ljekarskog uvjerenja za upis na fakultet<\/strong><\/li>\n<\/ul>\n\n\n\n<ul class=\"wp-block-list\">\n<li><strong>Uplata ljekarskog uvjerenja za upis na master<\/strong><\/li>\n<\/ul>\n\n\n\n<ul class=\"wp-block-list\">\n<li><strong>Uplata ljekarskog uvjerenja za smje\u0161taj u studentski dom<\/strong><\/li>\n<\/ul>\n\n\n\n<p><\/p>\n","protected":false},"excerpt":{"rendered":"<p>&nbsp; Ljekarski pregledi radi upisa na fakultet, upisa na master ili smje\u0161taja u studentski dom vr\u0161e se svaki radni radni dan od 8:00 do 14:00 sati. Za ljekarski pregled nije potrebno zakazivanje termina. Ponijeti sa sobom neki od dokumenata sa slikom (li\u010dna karta, paso\u0161&#8230;), zdravstvena knji\u017eica nije potrebna! &nbsp; Cijena: 30,00 KM Uplate za ljekarska [&hellip;]<\/p>\n","protected":false},"author":1,"featured_media":28,"parent":0,"menu_order":0,"comment_status":"closed","ping_status":"closed","template":"","meta":{"_monsterinsights_skip_tracking":false,"_monsterinsights_sitenote_active":false,"_monsterinsights_sitenote_note":"","_monsterinsights_sitenote_category":0,"footnotes":""},"class_list":["post-505","page","type-page","status-publish","has-post-thumbnail","hentry"],"_links":{"self":[{"href":"https:\/\/zdravljestudenata.ba\/index.php?rest_route=\/wp\/v2\/pages\/505"}],"collection":[{"href":"https:\/\/zdravljestudenata.ba\/index.php?rest_route=\/wp\/v2\/pages"}],"about":[{"href":"https:\/\/zdravljestudenata.ba\/index.php?rest_route=\/wp\/v2\/types\/page"}],"author":[{"embeddable":true,"href":"https:\/\/zdravljestudenata.ba\/index.php?rest_route=\/wp\/v2\/users\/1"}],"replies":[{"embeddable":true,"href":"https:\/\/zdravljestudenata.ba\/index.php?rest_route=%2Fwp%2Fv2%2Fcomments&post=505"}],"version-history":[{"count":35,"href":"https:\/\/zdravljestudenata.ba\/index.php?rest_route=\/wp\/v2\/pages\/505\/revisions"}],"predecessor-version":[{"id":1525,"href":"https:\/\/zdravljestudenata.ba\/index.php?rest_route=\/wp\/v2\/pages\/505\/revisions\/1525"}],"wp:featuredmedia":[{"embeddable":true,"href":"https:\/\/zdravljestudenata.ba\/index.php?rest_route=\/wp\/v2\/media\/28"}],"wp:attachment":[{"href":"https:\/\/zdravljestudenata.ba\/index.php?rest_route=%2Fwp%2Fv2%2Fmedia&parent=505"}],"curies":[{"name":"wp","href":"https:\/\/api.w.org\/{rel}","templated":true}]}}