{"id":339,"date":"2019-08-22T06:00:09","date_gmt":"2019-08-22T06:00:09","guid":{"rendered":"http:\/\/zdravljestudenata.ba\/?page_id=339"},"modified":"2020-06-12T06:01:27","modified_gmt":"2020-06-12T06:01:27","slug":"oglasi","status":"publish","type":"page","link":"https:\/\/zdravljestudenata.ba\/?page_id=339","title":{"rendered":"Oglasi"},"content":{"rendered":"<p>12.06.2020.<\/p>\n<p>Na osnovu \u010dlana 20a. Zakona o radu (\u201eSlu\u017ebene novine Federacije BiH\u201c, broj: 26\/16 i 89\/18), \u010dlanova 3., 6. i 7. Uredbe o postupku prijema u radni odnos u zavodima, agencijama, direkcijama i upravnim organizacijama, pravnim licima s javnim ovla\u0161tenjima na teritoriji kantona, grada ili op\u0107ine, u javnim ustanovama i javnim preduze\u0107ima \u010diji osniva\u010di kanton, grad ili op\u0107ina, te u privrednim dru\u0161tvima u kojima kanton, grad ili op\u0107ina u\u010destvuju sa vi\u0161e od 50% ukupnog kapitala (\u201eSl. novine Kantona Sarajevo \u201c br. 9\/19; 21\/19), te \u010dlana 6. Pravilnika o radu, unutra\u0161njoj organizaciji, pla\u0107ama i naknadama radnika i sistematizaciji radnih mjesta Javne ustanove Kantona Sarajevo Zavod za zdravstvenu za\u0161titu studenata Univerziteta u Sarajevu broj: 01-01-2570\/19 od 13.11.2019. godine, a uz prethodnu Saglasnost Vlade Kantona Sarajevo broj: 02-04-10994-6\/20 od 30.04.2020. godine, v.d. direktor Javne ustanove Kantona Sarajevo Zavod za zdravstvenu za\u0161titu studenata Univerziteta u Sarajevu objavljuje<\/p>\n<p>&nbsp;<\/p>\n<h1 style=\"text-align: center;\">JAVNI OGLAS<\/h1>\n<h2 style=\"text-align: center;\">za prijem u radni odnos na neodre\u0111eno vrijeme<\/h2>\n<p>&nbsp;<\/p>\n<ol>\n<li>Doktor medicine &#8211; Specijalista neuropsihijatar &#8212;&#8212;&#8212;&#8212;&#8212;&#8212;&#8212;&#8212;&#8212;&#8212;&#8212;&#8212;&#8212;&#8212;&#8211;1 izvr\u0161ilac<\/li>\n<li>Doktor medicine &#8211; Specijalista medicine rada &#8212;&#8212;&#8212;&#8212;&#8212;&#8212;&#8212;&#8212;&#8212;&#8212;&#8212;&#8212;&#8212;&#8212;&#8212;1 izvr\u0161ilac<\/li>\n<li>Tehni\u010dki sekretar &#8212;&#8212;&#8212;&#8212;&#8212;&#8212;&#8212;&#8212;&#8212;&#8212;&#8212;&#8212;&#8212;&#8212;&#8212;&#8212;&#8212;&#8212;&#8212;&#8212;&#8212;&#8212;&#8212;&#8212;&#8212;&#8212;1 izvr\u0161ilac<\/li>\n<\/ol>\n<p><strong><u>\u00a0<\/u><\/strong><\/p>\n<p><strong>Op\u0107i uslovi za sve pozicije:\u00a0 <\/strong><\/p>\n<ul>\n<li>Da je dr\u017eavljanin Bosne i Hercegovine (dokaz Uvjerenje o dr\u017eavljanstvu ne starije od 6 mjeseci);<\/li>\n<li>Da je punoljetan\/a (dokaz rodni list);<\/li>\n<li>Da ima op\u0107u zdravstvenu sposobnost za obavljanje poslova i radnih zadataka radnog mjesta na koje se prima (dokaz ljekarsko uvjerenje-samo kandidati koji budu izabrani).<\/li>\n<\/ul>\n<p><strong>\u00a0<\/strong><\/p>\n<p><strong>RADNA JEDINICA SPECIJALISTI\u010cKO-KONSULTATIVNA SLU\u017dBA<\/strong><\/p>\n<h2>Radno mjesto: DOKTOR MEDICINE &#8211; SPECIJALISTA NEUROPSIHIJATAR<\/h2>\n<p>&nbsp;<\/p>\n<p><strong>Opis poslova za poziciju 1:<\/strong><\/p>\n<p>&#8211; unapre\u0111uje\u00a0 preventivne, dijagnosti\u010dke i terapeutske\u00a0 metode u Savjetovali\u0161tu; organizuje rad Savjetovali\u0161ta; daje stru\u010dna mi\u0161ljenja na slu\u017ebene zahtjeve kod\u00a0 slu\u010dajeva bolesti i povreda; obavlja konsultativne preglede, obavlja povr\u0161insku individualn psihoterapiju; vr\u0161i psihijatrijsku seansu roditelja-pratioca; obavlja psihijatrijski intervju; vr\u0161i psihijatrijsku analiza i daje mi\u0161ljenje; prati efekte ordiniranih psihofarmaka; vr\u0161i neurolo\u0161ka analiza i daje mi\u0161ljenje; vr\u0161i ispitivanje pojedinih psihi\u010dkih funkcija; obavlja relaksaciju-autogeni trening; vr\u0161i timski dijagnosti\u010dki rad; vr\u0161i timsku obradu psihijatrijskog bolesnika; izra\u0111uje\u00a0 planove i programe neuropsihijatrijske za\u0161tite u Zavodu; daje stru\u010dno mi\u0161ljenje na slu\u017ebene zahtjeve i stru\u010dne savjete u vezi provo\u0111enja prevencije, terapije i rehabilitacije; upu\u0107uje bolesnika na druge konsultativne preglede i na stacionarno lije\u010denje; vr\u0161i analizu zdravstvenog stanja bolesnika; radi na zdravstvenom vaspitanju i prosvje\u0107ivanju studenata; vr\u0161i testiranje na prisustvo psihoaktivnih tvari; u slu\u010daju ku\u0107nog lije\u010denja pru\u017ea konsultativnu pomo\u0107 primarnoj zdravstvenoj za\u0161titi; radi i druge poslove koji spadaju u djelokrug rada specijaliste neuropsihijatra u Savjetovali\u0161tu za mentalno zdravlje studenata; daje evaluaciju rada prema\u00a0 propisanoj formi medicinske dokumentacije; u\u010destvuje u edukaciji zdravstvenih zaposlenika u svom timu; utvr\u0111uje dijagnostiku, analizira dijagnosti\u010dke i terapijske postupke tima; u\u010destvuje u ostvarivanju prihva\u0107enog programa mjera zdravstvene za\u0161tite; odgovara za vo\u0111enje propisane zdravstvene dokumentacije, evidencije i izvje\u0161taja; sara\u0111uje sa stru\u010dnim organizacijama, znanstvenim i obrazovnim institucijama, organima uprave, Zavodima zdravstvenog osiguranja i drugima u vezi neuropsihijatrijske problematike me\u0111u studentima; upu\u0107uje bolesnika na dalje rehabilitacione postupke; odre\u0111uje odgovaraju\u0107u terapiju i po potrebi odre\u0111uje daljnje bolesnikovo\u00a0 lije\u010denje; daje mi\u0161ljenje o radnoj sposobnosti bolesnih studenata; usko sara\u0111uje sa drugim zaposlenicima u timu radi rje\u0161avanja problema mentalnog zdravlja studenata; brine za vlastitu kontinuiranu edukaciju; promovira zdrav na\u010din \u017eivljenja; du\u017ean je raditi u skladu sa postavljenim standardima kvaliteta i obavljati aktivnosti s ciljem pobolj\u0161anja sigurnosti i kvaliteta zdravstvenih usluga; vr\u0161i promociju i unapre\u0111enje zdravlja studenata iz svih oblasti prevencije oboljenja i promocije zdravlja, te u\u010de\u0161\u0107e na javnim manifestacija, edukacijama, seminarima i sli\u010dno iz oblasti djelatnosti Zavoda; \u010duva ugled Zavoda i profesionalno se pona\u0161a na radnom mjestu; obavlja i\u00a0 druge poslove koji su neophodni za realizaciju programa rada i koji su od op\u0161teg zna\u010daja za Zavod, a koje odredi neposredni \u0161ef.<\/p>\n<p><strong>\u00a0<\/strong><\/p>\n<p><strong>Posebni uslovi za poziciju 1:<\/strong><\/p>\n<ul>\n<li>VSS Medicinski fakultet<\/li>\n<li>specijalisti\u010dki ispit iz neuropsihijatrije<\/li>\n<li>2 godine radnog iskustva u struci<\/li>\n<li>poznavanje rada na ra\u010dunaru<\/li>\n<li>poznavanje jednog stranog jezika<\/li>\n<\/ul>\n<p>&nbsp;<\/p>\n<p><strong>Mjesto obavljanja rada i radno vrijeme: <\/strong>sjedi\u0161te Ustanove Patriotske Lige 36;<\/p>\n<p><strong>Radno vrijeme: <\/strong>37,5 sati sedmi\u010dno<\/p>\n<p><strong>Iznos osnovne pla\u0107e: <\/strong>2.281,50 KM<\/p>\n<p><strong>\u00a0<\/strong><\/p>\n<p><strong>RADNA JEDINICA OP\u0106A PRIMARNA ZDRAVSTVENA ZA\u0160TITA SA HIGIJENSKO-EPIDEMIOLO\u0160KOM SLU\u017dBOM<\/strong><\/p>\n<h2>Radno mjesto: DOKTOR MEDICINE &#8211;\u00a0 SPECIJALISTA MEDICINE RADA<\/h2>\n<p><strong>\u00a0<\/strong><\/p>\n<p><strong>Opis poslova za poziciju 2:<\/strong><\/p>\n<p>&#8211; pregled, obrada i lije\u010denje bolesnika u Zavodu; upu\u0107ivanje bolesnika na druge konsultativne preglede; analiza zdravstvenog stanja bolesnika lije\u010denih u bolnici i poliklini\u010dkoj djelatnosti; doprinosi u ostvarivanju prihva\u0107enog programa mjera zdravstvene za\u0161tite; rad na zdravstvenom vaspitanju i prosvje\u0107ivanju studenata; u\u010destvuje u edukaciji zdravstvenih zaposlenika u svom timu; organizuje posao u svojoj radnoj jedinici; radi na unapre\u0111enju dijagnosti\u010dkih, terapeutskih i preventivnih postupaka; daje stru\u010dna mi\u0161ljenja na slu\u017ebene zahtjeve kod odre\u0111enih slu\u010dajeva bolesti ili povreda; odgovara\u00a0 za vo\u0111enje propisane zdravstvene dokumentacije, evidencije i izvje\u0161taja; vr\u0161i periodi\u010dne preglede nastavnika i saradnika u nastavi visoko-\u0161kolskih ustanova Univerziteta u Sarajevu; vr\u0161i kontrolne preglede pregledanih nastavnika i saradnika u nastavi; vr\u0161i obradu podataka sa sistematskih, periodi\u010dnih i kontrolnih pregleda; u\u010destvuje u obavljanju funkcionalne dijagnostike, interpretira nalaze funkcionalne dijagnostike, spirometrije, EKG i sl. u svrhu konsultativne pomo\u0107i doktorima medicine u primarnoj zdravstvenoj za\u0161titi; vr\u0161i preglede za ljekarska uvjerenja za posao i voza\u010de; nadzor nad higijensko-sanitarnim uslovima visoko\u0161kolskih ustanova i domova; izdaje ljekarska uvjerenja za upis na fakultete, vi\u0161e \u0161kole i akademije, za smje\u0161taj u studentski dom,\u00a0 radi odlaska na studijska putovanja; sudjeluje u radu Komisije u Zavodu radi ocjene zdravstvene i radne sposobnosti studenata za nastavu; u cilju izvr\u0161avanja programa primarne zdravstvene za\u0161tite sara\u0111uje sa zdravstvenim zaposlenicima primarne, odnosno poliklini\u010dko-konzilijarne i stacionarne djelatnosti; vr\u0161i sistematske, kontrolne i periodi\u010dne preglede studenata; vr\u0161i kontrolne preglede studenata sa patolo\u0161kim nalazima na sistematskom pregledu; pra\u0107enje zdravstvenog stanja studenata i prosvjetnih radnika; pra\u0107enje i analiza morbiditeta studenata, prosvjetnih radnika i osoblja u studentskim domovima; obavlja i sve druge poslove neophodne za izvr\u0161enje svog programa rada, prema va\u017ee\u0107oj nomenklaturi usluga; du\u017ean je raditi u skladu sa postavljenim standardima kvaliteta i obavljati aktivnosti s ciljem pobolj\u0161anja sigurnosti i kvaliteta zdravstvenih usluga; brine za vlastitu kontinuiranu edukaciju; vr\u0161i promociju i unapre\u0111enje zdravlja studenata iz svih oblasti prevencije oboljenja i promocije zdravlja, te u\u010de\u0161\u0107e na javnim manifestacija, edukacijama, seminarima i sli\u010dno iz oblasti djelatnosti Zavoda; promovira zdrav na\u010din \u017eivljenja; \u010duva ugled Zavoda i\u00a0 profesionalno se pona\u0161a na radnom mjestu; obavlja i druge poslove koji su neophodni za realizaciju programa rada i koji su od op\u0161teg zna\u010daja za Zavod, a koje odredi neposredni \u0161ef.<\/p>\n<p><strong>\u00a0<\/strong><\/p>\n<p><strong>Posebni uslovi za poziciju 2:<\/strong><\/p>\n<ul>\n<li>VSS Medicinski fakultet<\/li>\n<li>specijalisti\u010dki ispit medicine rada<\/li>\n<li>2 godine radnog iskustva u struci<\/li>\n<li>poznavanje rada na ra\u010dunaru<\/li>\n<li>poznavanje jednog stranog jezika<\/li>\n<\/ul>\n<p><strong>\u00a0<\/strong><\/p>\n<p><strong>Mjesto obavljanja rada i radno vrijeme: <\/strong>sjedi\u0161te Ustanove Patriotske Lige 36.<\/p>\n<p><strong>Radno vrijeme: <\/strong>37,5 sati sedmi\u010dno.<\/p>\n<p><strong>Iznos osnovne pla\u0107e: <\/strong>2.281,50 KM.<\/p>\n<p><strong>\u00a0<\/strong><\/p>\n<p><strong>Potrebna dokumentacija za poziciju 1 i 2:<\/strong><\/p>\n<ul>\n<li>Svojeru\u010dno potpisana prijava na javni oglas i kra\u0107a biografija kandidata, adresa, kontakt telefon i e-mail adresa (ukoliko istu posjeduje);<\/li>\n<li>Uvjerenje o dr\u017eavljanstvu ne starije od \u0161est (6) mjeseci;<\/li>\n<li>Izvod iz mati\u010dne knjige ro\u0111enih (ovjerena kopija);<\/li>\n<li>Ljekarsko uvjerenje (samo kandidati koji budu izabrani);<\/li>\n<li>Diploma o zavr\u0161enom Medicinskom fakultetu (ovjerena kopija) ;<\/li>\n<li>Uvjerenje o polo\u017eenom specijalisti\u010dkom ispitu (ovjerena kopija);<\/li>\n<li>Dokaz o poznavanju jednog stranog jezika (ovjerena kopija);<\/li>\n<li>Dokaz o poznavanju rada na ra\u010dunaru (ovjerena kopija);<\/li>\n<li>Potvrda o radnom iskustvu u struci\/ovjerena kopija (Radna knji\u017eica\/kopija, potvrda nadle\u017enog PIO\/MIO osiguranja o ostvarenom radnom iskustvu i ugovor o radu ne mogu poslu\u017eiti kao relevantan dokaz o radnom iskustvu).<\/li>\n<\/ul>\n<p>&nbsp;<\/p>\n<p><strong>KABINET DIREKTORA<\/strong><\/p>\n<h2>Radno mjesto: TEHNI\u010cKI SEKRETAR<\/h2>\n<p>&nbsp;<\/p>\n<p><strong>Opis poslova za poziciju 3:<\/strong><\/p>\n<p><strong>&#8211; <\/strong>vr\u0161i tehni\u010dko-sekretarske poslove i druge administrativno-tehni\u010dke poslove; prima, evidentira i prenosi poruke i po\u0161tu za direktora i sekretara; priprema materijale za sjednice sa direktorom Zavoda, sastavlja dnevni red i pi\u0161e pozive za sjednice i sastanke; vodi zapisnike na sjednicama, sastancima stru\u010dnog kolegija i drugim stru\u010dnim sastancima; po odr\u017eanoj sjednici ili sastanku sastavlja, pi\u0161e i dostavlja izvode iz zapisnika; odgovara za \u010duvanje i rukovanje pe\u010datima i \u0161tambiljima; vodi knjigu protokola; organizuje dono\u0161enje i odno\u0161enje po\u0161te; obavlja cjelokupno arhivsko poslovanje; vodi op\u0161tu arhivu; vr\u0161i prepis svih pisama, izvje\u0161taja, medicinske i druge dokumentacije; vr\u0161i pisanje po diktatu i iz rukopisa; odr\u017eava sredstva za rad u urednom i ispravnom stanju; vr\u0161i rashodovanje arhivskog materijala u skladu sa zakonom i propisima nadle\u017enog Arhiva; \u010duva ugled Zavoda i\u00a0 profesionalno se pona\u0161a na radnom mjestu; du\u017ean je raditi u skladu sa postavljenim standardima kvaliteta i obavljati aktivnosti s ciljem pobolj\u0161anja sigurnosti i kvaliteta zdravstvenih usluga; obavlja i druge poslove koji su neophodni za realizaciju programa rada i koji su od op\u0161teg zna\u010daja za Zavod, a koje odredi direktor Zavoda.<\/p>\n<p><strong>\u00a0<\/strong><\/p>\n<p><strong>Posebni uslovi za poziciju 3:<\/strong><\/p>\n<ul>\n<li><strong>SSS <\/strong>dru\u0161tvenog ili ekonomskog smjera<\/li>\n<li>poznavanje rada na ra\u010dunaru<\/li>\n<li>polo\u017een arhivisti\u010dki ispit<\/li>\n<li>radno iskustvo 1 godina<\/li>\n<\/ul>\n<p>&nbsp;<\/p>\n<p><strong>Mjesto obavljanja rada i radno vrijeme: <\/strong>sjedi\u0161te Ustanove Patriotske Lige 36;<\/p>\n<p><strong>Radno vrijeme: <\/strong>37,5 sati sedmi\u010dno.<\/p>\n<p><strong>Probni rad: <\/strong>u trajanju od \u0161est (6) mjeseci.<\/p>\n<p><strong>Iznos osnovne pla\u0107e: <\/strong>1.014,00 KM.<\/p>\n<p><strong>\u00a0<\/strong><\/p>\n<p><strong>Potrebna dokumentacija za poziciju 3:<\/strong><\/p>\n<ul>\n<li>Svojeru\u010dno potpisana prijava na javni oglas i kra\u0107a biografija kandidata, adresa, kontakt telefon i e-mail adresa (ukoliko istu posjeduje);<\/li>\n<li>Uvjerenje o dr\u017eavljanstvu ne starije od \u0161est (6) mjeseci;<\/li>\n<li>Izvod iz mati\u010dne knjige ro\u0111enih (ovjerena kopija);<\/li>\n<li>Ljekarsko uvjerenje (samo kandidati koji budu izabrani);<\/li>\n<li>Diploma o zavr\u0161enoj srednjoj \u0161koli dru\u0161tvenog ili ekonomskog usmjerenja (ovjerena kopija);<\/li>\n<li>Dokaz o polo\u017eenom arhivisti\u010dkom ispitu (ovjerena kopija);<\/li>\n<li>Dokaz o poznavanju rada na ra\u010dunaru (ovjerena kopija);<\/li>\n<li>Potvrda o radnom iskustvu \/ovjerena kopija (Radna knji\u017eica\/kopija, potvrda nadle\u017enog PIO\/MIO osiguranja o ostvarenom radnom iskustvu i ugovor o radu ne mogu poslu\u017eiti kao relevantan dokaz o radnom iskustvu).<\/li>\n<\/ul>\n<p><strong>\u00a0\u00a0\u00a0\u00a0\u00a0\u00a0\u00a0\u00a0\u00a0\u00a0\u00a0\u00a0\u00a0\u00a0\u00a0 <\/strong><\/p>\n<p>Napomena: Nepotpune, neblagovremene i neuredne prijave ne\u0107e se uzeti u razmatranje. Dostavljeni dokumenti se ne\u0107e vra\u0107ati.<\/p>\n<p>&nbsp;<\/p>\n<p><strong>Prednost pri zapo\u0161ljavanju:<\/strong><\/p>\n<p>U slu\u010daju da nakon provo\u0111enja ispitnog dijela Javnog oglasa, neki od kandidata budu imali jednak broj bodova, prednost pri zapo\u0161ljavanju \u0107e imati kandidat koji ima prioritet u zapo\u0161ljavanju i koji ostvaraju prava utvr\u0111ena na osnovu Zakona o dopunskim pravima boraca \u2013 branitelja BiH (Sl. novine Kantona Sarajevo br. 45\/12, 26\/14 i 46\/17). Prioritet u zapo\u0161ljavanju kandidati dokazuju odgovaraju\u0107im dokumentima (potvrda, uvjerenje i sl.) koje prila\u017eu prilikom prijave na javni oglas.<\/p>\n<p><strong>Rok u kojem se podnose prijave:<\/strong><\/p>\n<p>Rok za dostavljanje prijava je 10 dana od dana objave u dnevnim novinama.<\/p>\n<p><strong>Ostale informacije:<\/strong><\/p>\n<p>Tekst javnog oglasa \u0107e biti objavljen u dnevnim novinama Oslobo\u0111enje, na internet stranici Javne ustanove \u201eSlu\u017eba za zapo\u0161ljavanje\u201c Kantona Sarajevo i internet stranici poslodavca <a href=\"http:\/\/www.zdravljestudenata.ba\">www.zdravljestudenata.ba<\/a><\/p>\n<p>Prijavu sa dokazima, dostavljaju se u zatvorenoj koverti putem po\u0161te na adresu Javna ustanova Kantona Sarajevo Zavod za zdravstvenu za\u0161titu studenata Univerziteta u Sarajevu, \u00a0Ulica Patriotske Lige broj 36, na protokol za Komisiju za provo\u0111enje javnog oglasa. Na koverti obavezno nazna\u010diti \u201eNE OTVARAJ-PRIJAVA NA JAVNI OGLAS ZA POZICIJU 1, 2 ILI 3\u201c.<\/p>\n<p>Po okon\u010danju procedure, kandidati koji budu izabrani bit \u0107e obavje\u0161teni pismenim putem, nakon \u010dega su obavezni dostaviti ljekarsko uvjerenje nadle\u017ene zdravstvene ustanove ne starije od \u0161est (6) mjeseci i uvjerenje da se protiv istog ne vodi krivi\u010dni postupak ne starije od \u0161est (6) mjeseci, kako bi se sa istim zaklju\u010dio ugovor o radu.<\/p>\n<p>Telefon kontakt osobe zadu\u017eene za davanje dodatnih informacija: 033\/251-871.<\/p>\n<p>&nbsp;<\/p>\n<p style=\"text-align: right;\">\u00a0\u00a0\u00a0\u00a0\u00a0\u00a0\u00a0\u00a0\u00a0\u00a0\u00a0\u00a0\u00a0\u00a0\u00a0\u00a0\u00a0\u00a0\u00a0\u00a0\u00a0\u00a0\u00a0\u00a0\u00a0\u00a0\u00a0\u00a0\u00a0\u00a0\u00a0\u00a0\u00a0\u00a0\u00a0\u00a0\u00a0\u00a0\u00a0\u00a0\u00a0\u00a0\u00a0\u00a0\u00a0\u00a0\u00a0\u00a0\u00a0\u00a0\u00a0\u00a0\u00a0\u00a0\u00a0\u00a0\u00a0\u00a0\u00a0\u00a0\u00a0\u00a0\u00a0\u00a0\u00a0\u00a0\u00a0\u00a0\u00a0\u00a0\u00a0\u00a0\u00a0\u00a0\u00a0\u00a0\u00a0\u00a0\u00a0\u00a0\u00a0\u00a0\u00a0\u00a0\u00a0\u00a0\u00a0\u00a0\u00a0\u00a0\u00a0\u00a0\u00a0\u00a0\u00a0\u00a0\u00a0\u00a0\u00a0\u00a0\u00a0\u00a0\u00a0\u00a0\u00a0\u00a0\u00a0\u00a0\u00a0\u00a0\u00a0\u00a0\u00a0\u00a0\u00a0\u00a0\u00a0\u00a0\u00a0\u00a0\u00a0\u00a0\u00a0\u00a0\u00a0\u00a0\u00a0\u00a0\u00a0\u00a0\u00a0\u00a0\u00a0\u00a0\u00a0\u00a0\u00a0\u00a0\u00a0\u00a0\u00a0\u00a0\u00a0\u00a0\u00a0\u00a0\u00a0\u00a0\u00a0\u00a0 \u00a0\u00a0\u00a0\u00a0\u00a0\u00a0\u00a0 \u00a0\u00a0\u00a0\u00a0<strong>V.D. DIREKTOR\u00a0\u00a0\u00a0\u00a0\u00a0\u00a0\u00a0\u00a0\u00a0\u00a0\u00a0\u00a0\u00a0\u00a0\u00a0 .<br \/>\n<\/strong><\/p>\n<p style=\"text-align: right;\"><strong>\u00a0\u00a0\u00a0\u00a0\u00a0\u00a0\u00a0\u00a0\u00a0\u00a0\u00a0\u00a0\u00a0\u00a0\u00a0\u00a0\u00a0\u00a0\u00a0\u00a0\u00a0\u00a0\u00a0\u00a0\u00a0\u00a0\u00a0\u00a0\u00a0\u00a0\u00a0\u00a0\u00a0\u00a0\u00a0\u00a0\u00a0\u00a0\u00a0\u00a0\u00a0\u00a0\u00a0\u00a0\u00a0\u00a0\u00a0\u00a0\u00a0\u00a0\u00a0\u00a0\u00a0\u00a0\u00a0\u00a0\u00a0\u00a0\u00a0\u00a0\u00a0\u00a0\u00a0\u00a0\u00a0\u00a0\u00a0\u00a0\u00a0\u00a0\u00a0\u00a0\u00a0\u00a0\u00a0\u00a0\u00a0\u00a0\u00a0\u00a0\u00a0\u00a0\u00a0\u00a0\u00a0\u00a0\u00a0\u00a0\u00a0\u00a0\u00a0\u00a0\u00a0\u00a0\u00a0\u00a0\u00a0\u00a0\u00a0\u00a0\u00a0\u00a0\u00a0\u00a0\u00a0\u00a0\u00a0\u00a0\u00a0\u00a0\u00a0\u00a0\u00a0\u00a0\u00a0\u00a0\u00a0\u00a0\u00a0\u00a0\u00a0\u00a0\u00a0\u00a0\u00a0\u00a0\u00a0\u00a0\u00a0\u00a0\u00a0\u00a0\u00a0\u00a0\u00a0\u00a0\u00a0\u00a0\u00a0\u00a0\u00a0\u00a0\u00a0\u00a0\u00a0\u00a0\u00a0\u00a0\u00a0\u00a0\u00a0 Dr Lejla Hrenovica-Be\u010darevi\u0107 s.r.<\/strong><\/p>\n","protected":false},"excerpt":{"rendered":"<p>12.06.2020. Na osnovu \u010dlana 20a. Zakona o radu (\u201eSlu\u017ebene novine Federacije BiH\u201c, broj: 26\/16 i 89\/18), \u010dlanova 3., 6. i 7. Uredbe o postupku prijema u radni odnos u zavodima, agencijama, direkcijama i upravnim organizacijama, pravnim licima s javnim ovla\u0161tenjima na teritoriji kantona, grada ili op\u0107ine, u javnim ustanovama i javnim preduze\u0107ima \u010diji osniva\u010di kanton, [&hellip;]<\/p>\n","protected":false},"author":1,"featured_media":0,"parent":0,"menu_order":0,"comment_status":"closed","ping_status":"closed","template":"","meta":{"_monsterinsights_skip_tracking":false,"_monsterinsights_sitenote_active":false,"_monsterinsights_sitenote_note":"","_monsterinsights_sitenote_category":0,"footnotes":""},"class_list":["post-339","page","type-page","status-publish","hentry"],"_links":{"self":[{"href":"https:\/\/zdravljestudenata.ba\/index.php?rest_route=\/wp\/v2\/pages\/339"}],"collection":[{"href":"https:\/\/zdravljestudenata.ba\/index.php?rest_route=\/wp\/v2\/pages"}],"about":[{"href":"https:\/\/zdravljestudenata.ba\/index.php?rest_route=\/wp\/v2\/types\/page"}],"author":[{"embeddable":true,"href":"https:\/\/zdravljestudenata.ba\/index.php?rest_route=\/wp\/v2\/users\/1"}],"replies":[{"embeddable":true,"href":"https:\/\/zdravljestudenata.ba\/index.php?rest_route=%2Fwp%2Fv2%2Fcomments&post=339"}],"version-history":[{"count":12,"href":"https:\/\/zdravljestudenata.ba\/index.php?rest_route=\/wp\/v2\/pages\/339\/revisions"}],"predecessor-version":[{"id":493,"href":"https:\/\/zdravljestudenata.ba\/index.php?rest_route=\/wp\/v2\/pages\/339\/revisions\/493"}],"wp:attachment":[{"href":"https:\/\/zdravljestudenata.ba\/index.php?rest_route=%2Fwp%2Fv2%2Fmedia&parent=339"}],"curies":[{"name":"wp","href":"https:\/\/api.w.org\/{rel}","templated":true}]}}