{"id":210,"date":"2017-01-05T12:15:29","date_gmt":"2017-01-05T12:15:29","guid":{"rendered":"http:\/\/zdravljestudenata.ba\/?page_id=210"},"modified":"2025-07-08T09:34:36","modified_gmt":"2025-07-08T09:34:36","slug":"sluzba-za-pravne-kadrovske-i-opce-poslove","status":"publish","type":"page","link":"https:\/\/zdravljestudenata.ba\/?page_id=210","title":{"rendered":"RJ pravnih, finansijskih i tehni\u010dkih poslova"},"content":{"rendered":"<p><img loading=\"lazy\" decoding=\"async\" class=\" wp-image-217 aligncenter\" src=\"http:\/\/zdravljestudenata.ba\/wp-content\/uploads\/2017\/01\/download.jpg\" alt=\"\" width=\"354\" height=\"235\" \/><\/p>\n<p>Kontakt: <strong>pravna.sluzba@zdravljestudenata.ba<\/strong><\/p>\n<p>Ova RJ po ovla\u0161\u0107enju direktora zastupa Zavod pred sudovima, dr\u017eavnim i gradskim organima javne uprave; vr\u0161i pravno-tehni\u010dku izradu ugovora; u\u010destvuje u izradi op\u0161tih akata Zavoda i kolektivnih ugovora; prati i analizira dejstva zakona i drugih mjera koje su od interesa za funkcionisanje Zavoda; prati zakonodavne aktivnosti na nivou BiH; daje pismena mi\u0161l\u0458enja i tuma\u010denja propisa i op\u0161tih akata; pru\u017ea pravnu pomo\u0107 zaposlenima; u\u010destvuje u regulisanju imovinsko-pravnih odnosa ustanove sa drugim pravnim i fizi\u010dkim licima; vr\u0161i sve poslove oko sprovo\u0111enja disciplinskog postupka i daje mi\u0161l\u0458enje direktoru Zavoda o postojanju disciplinske i materijalne odgovornosti zaposlenih; obavl\u0458a kadrovske poslove; vr\u0161i prijem, otpremu i arhiviranje po\u0161te i poslove odr\u017eavanja telefonskih komunikacija unutar i van ustanove; obavl\u0458a poslove javnih nabavki dobara, usluga i radova za Zavod; obavl\u0458a Zakonom propisane poslove od zna\u010daja za odbranu; obavl\u0458a poslove bezbjednosti i zdravl\u0458a na radu.<\/p>\n","protected":false},"excerpt":{"rendered":"<p>Kontakt: pravna.sluzba@zdravljestudenata.ba Ova RJ po ovla\u0161\u0107enju direktora zastupa Zavod pred sudovima, dr\u017eavnim i gradskim organima javne uprave; vr\u0161i pravno-tehni\u010dku izradu ugovora; u\u010destvuje u izradi op\u0161tih akata Zavoda i kolektivnih ugovora; prati i analizira dejstva zakona i drugih mjera koje su od interesa za funkcionisanje Zavoda; prati zakonodavne aktivnosti na nivou BiH; daje pismena mi\u0161l\u0458enja i [&hellip;]<\/p>\n","protected":false},"author":1,"featured_media":0,"parent":0,"menu_order":0,"comment_status":"closed","ping_status":"closed","template":"","meta":{"_monsterinsights_skip_tracking":false,"_monsterinsights_sitenote_active":false,"_monsterinsights_sitenote_note":"","_monsterinsights_sitenote_category":0,"footnotes":""},"class_list":["post-210","page","type-page","status-publish","hentry"],"_links":{"self":[{"href":"https:\/\/zdravljestudenata.ba\/index.php?rest_route=\/wp\/v2\/pages\/210"}],"collection":[{"href":"https:\/\/zdravljestudenata.ba\/index.php?rest_route=\/wp\/v2\/pages"}],"about":[{"href":"https:\/\/zdravljestudenata.ba\/index.php?rest_route=\/wp\/v2\/types\/page"}],"author":[{"embeddable":true,"href":"https:\/\/zdravljestudenata.ba\/index.php?rest_route=\/wp\/v2\/users\/1"}],"replies":[{"embeddable":true,"href":"https:\/\/zdravljestudenata.ba\/index.php?rest_route=%2Fwp%2Fv2%2Fcomments&post=210"}],"version-history":[{"count":4,"href":"https:\/\/zdravljestudenata.ba\/index.php?rest_route=\/wp\/v2\/pages\/210\/revisions"}],"predecessor-version":[{"id":1461,"href":"https:\/\/zdravljestudenata.ba\/index.php?rest_route=\/wp\/v2\/pages\/210\/revisions\/1461"}],"wp:attachment":[{"href":"https:\/\/zdravljestudenata.ba\/index.php?rest_route=%2Fwp%2Fv2%2Fmedia&parent=210"}],"curies":[{"name":"wp","href":"https:\/\/api.w.org\/{rel}","templated":true}]}}