{"id":194,"date":"2017-01-05T11:37:47","date_gmt":"2017-01-05T11:37:47","guid":{"rendered":"http:\/\/zdravljestudenata.ba\/?page_id=194"},"modified":"2025-02-25T07:37:41","modified_gmt":"2025-02-25T07:37:41","slug":"194-2","status":"publish","type":"page","link":"https:\/\/zdravljestudenata.ba\/?page_id=194","title":{"rendered":"Cjenovnik"},"content":{"rendered":"<p>U Zavodu je mogu\u0107e izvaditi razli\u010dite vrste ljekarskih uvjerenja, kao i druge usluge koje se napla\u0107uju po sljede\u0107em cjenovniku:<\/p>\n<\/p>\n\n<div class=\"wp-block-image\">\n<figure class=\"aligncenter size-large\"><img loading=\"lazy\" decoding=\"async\" width=\"791\" height=\"1024\" src=\"http:\/\/zdravljestudenata.ba\/wp-content\/uploads\/2023\/02\/Odluka-cijene_page-0001-791x1024.jpg\" alt=\"\" class=\"wp-image-1005\" srcset=\"https:\/\/zdravljestudenata.ba\/wp-content\/uploads\/2023\/02\/Odluka-cijene_page-0001-791x1024.jpg 791w, https:\/\/zdravljestudenata.ba\/wp-content\/uploads\/2023\/02\/Odluka-cijene_page-0001-232x300.jpg 232w, https:\/\/zdravljestudenata.ba\/wp-content\/uploads\/2023\/02\/Odluka-cijene_page-0001-768x994.jpg 768w, https:\/\/zdravljestudenata.ba\/wp-content\/uploads\/2023\/02\/Odluka-cijene_page-0001-1187x1536.jpg 1187w, https:\/\/zdravljestudenata.ba\/wp-content\/uploads\/2023\/02\/Odluka-cijene_page-0001-456x590.jpg 456w, https:\/\/zdravljestudenata.ba\/wp-content\/uploads\/2023\/02\/Odluka-cijene_page-0001.jpg 1275w\" sizes=\"(max-width: 791px) 100vw, 791px\" \/><\/figure><\/div>\n\n\n<p class=\"has-text-align-center\">Trenutno ne radimo ljekarska uvjerenja za voza\u010de!<\/p>\n","protected":false},"excerpt":{"rendered":"<p>U Zavodu je mogu\u0107e izvaditi razli\u010dite vrste ljekarskih uvjerenja, kao i druge usluge koje se napla\u0107uju po sljede\u0107em cjenovniku: Trenutno ne radimo ljekarska uvjerenja za voza\u010de!<\/p>\n","protected":false},"author":1,"featured_media":0,"parent":0,"menu_order":0,"comment_status":"closed","ping_status":"closed","template":"","meta":{"_monsterinsights_skip_tracking":false,"_monsterinsights_sitenote_active":false,"_monsterinsights_sitenote_note":"","_monsterinsights_sitenote_category":0,"footnotes":""},"class_list":["post-194","page","type-page","status-publish","hentry"],"_links":{"self":[{"href":"https:\/\/zdravljestudenata.ba\/index.php?rest_route=\/wp\/v2\/pages\/194"}],"collection":[{"href":"https:\/\/zdravljestudenata.ba\/index.php?rest_route=\/wp\/v2\/pages"}],"about":[{"href":"https:\/\/zdravljestudenata.ba\/index.php?rest_route=\/wp\/v2\/types\/page"}],"author":[{"embeddable":true,"href":"https:\/\/zdravljestudenata.ba\/index.php?rest_route=\/wp\/v2\/users\/1"}],"replies":[{"embeddable":true,"href":"https:\/\/zdravljestudenata.ba\/index.php?rest_route=%2Fwp%2Fv2%2Fcomments&post=194"}],"version-history":[{"count":9,"href":"https:\/\/zdravljestudenata.ba\/index.php?rest_route=\/wp\/v2\/pages\/194\/revisions"}],"predecessor-version":[{"id":1363,"href":"https:\/\/zdravljestudenata.ba\/index.php?rest_route=\/wp\/v2\/pages\/194\/revisions\/1363"}],"wp:attachment":[{"href":"https:\/\/zdravljestudenata.ba\/index.php?rest_route=%2Fwp%2Fv2%2Fmedia&parent=194"}],"curies":[{"name":"wp","href":"https:\/\/api.w.org\/{rel}","templated":true}]}}