{"id":132,"date":"2017-01-05T00:10:44","date_gmt":"2017-01-05T00:10:44","guid":{"rendered":"http:\/\/zdravljestudenata.ba\/?page_id=132"},"modified":"2025-02-25T07:45:35","modified_gmt":"2025-02-25T07:45:35","slug":"132-2","status":"publish","type":"page","link":"https:\/\/zdravljestudenata.ba\/?page_id=132","title":{"rendered":"Savjetovali\u0161te za postadolescentnu ginekologiju"},"content":{"rendered":"<p>Savjetovali\u0161te za postadolescentnu ginekologiju nalazi se na tre\u0107em spratu gdje \u0107ete na kartoteci dobiti sva potrebna obavje\u0161tenja i odgovore na Va\u0161e upite. Slu\u017eba sa pacijentima radi svaki radni dan u periodu od 07:30h- 14:00h. Nije se potrebno najavljivati ali ste du\u017eni ponijeti ovjerenu zdravstvenu knji\u017eicu! Zdravstvene usluge koje mo\u017eete dobiti od ginekologa su:<\/p>\n<ul>\n<li>Ginekolo\u0161ko-aku\u0161erski pregled;<\/li>\n<li>Nadzor trudnoce<\/li>\n<li>Ultrazvu\u010dni pregled<\/li>\n<li>Kolposkopski pregled<\/li>\n<li>Papanicolaou &#8211; test.<\/li>\n<li>Odre\u0111ivanje VS( Vaginalni sekret).<\/li>\n<li>Gravindex test.<\/li>\n<\/ul>\n<p>Naravno, na\u0161i uposlenici \u0107e vam rado dati savjete o reproduktivnom zdravl\u0458u, intimnoj higijeni, mjese\u010dnom ciklusu, za\u0161titi od ne\u017eel\u0458ene trudno\u0107e itd.Va\u0161\u00a0ginekolog du\u017ean je da:organizuje i sprovodi mjere na o\u010duvanju i unapre\u0111enju zdravl\u0458a pojedinca (svojih pacijenata), radi na otkrivanju i suzbijanju faktora rizika za nastanak bolesti,vr\u0161i dijagnostiku i blagovremeno lije\u010denje pacijenata, upu\u0107uje pacijenta u odgovaraju\u0107u zdravstvenu ustanovu prema medicinskim indikacijama, odnosno kod ljekara specijaliste i uskla\u0111uje mi\u0161l\u0458enja i prijedloge za nastavak lije\u010denja pacijenta, propisuje lijekove i medicinska sredstva.<\/p>\n","protected":false},"excerpt":{"rendered":"<p>Savjetovali\u0161te za postadolescentnu ginekologiju nalazi se na tre\u0107em spratu gdje \u0107ete na kartoteci dobiti sva potrebna obavje\u0161tenja i odgovore na Va\u0161e upite. Slu\u017eba sa pacijentima radi svaki radni dan u periodu od 07:30h- 14:00h. Nije se potrebno najavljivati ali ste du\u017eni ponijeti ovjerenu zdravstvenu knji\u017eicu! Zdravstvene usluge koje mo\u017eete dobiti od ginekologa su: Ginekolo\u0161ko-aku\u0161erski pregled; [&hellip;]<\/p>\n","protected":false},"author":1,"featured_media":133,"parent":0,"menu_order":0,"comment_status":"closed","ping_status":"closed","template":"","meta":{"_monsterinsights_skip_tracking":false,"_monsterinsights_sitenote_active":false,"_monsterinsights_sitenote_note":"","_monsterinsights_sitenote_category":0,"footnotes":""},"class_list":["post-132","page","type-page","status-publish","has-post-thumbnail","hentry"],"_links":{"self":[{"href":"https:\/\/zdravljestudenata.ba\/index.php?rest_route=\/wp\/v2\/pages\/132"}],"collection":[{"href":"https:\/\/zdravljestudenata.ba\/index.php?rest_route=\/wp\/v2\/pages"}],"about":[{"href":"https:\/\/zdravljestudenata.ba\/index.php?rest_route=\/wp\/v2\/types\/page"}],"author":[{"embeddable":true,"href":"https:\/\/zdravljestudenata.ba\/index.php?rest_route=\/wp\/v2\/users\/1"}],"replies":[{"embeddable":true,"href":"https:\/\/zdravljestudenata.ba\/index.php?rest_route=%2Fwp%2Fv2%2Fcomments&post=132"}],"version-history":[{"count":4,"href":"https:\/\/zdravljestudenata.ba\/index.php?rest_route=\/wp\/v2\/pages\/132\/revisions"}],"predecessor-version":[{"id":1366,"href":"https:\/\/zdravljestudenata.ba\/index.php?rest_route=\/wp\/v2\/pages\/132\/revisions\/1366"}],"wp:featuredmedia":[{"embeddable":true,"href":"https:\/\/zdravljestudenata.ba\/index.php?rest_route=\/wp\/v2\/media\/133"}],"wp:attachment":[{"href":"https:\/\/zdravljestudenata.ba\/index.php?rest_route=%2Fwp%2Fv2%2Fmedia&parent=132"}],"curies":[{"name":"wp","href":"https:\/\/api.w.org\/{rel}","templated":true}]}}