{"id":130,"date":"2017-01-05T00:07:36","date_gmt":"2017-01-05T00:07:36","guid":{"rendered":"http:\/\/zdravljestudenata.ba\/?page_id=130"},"modified":"2017-01-05T00:07:36","modified_gmt":"2017-01-05T00:07:36","slug":"savjetovaliste-za-mentalno-zdravlje","status":"publish","type":"page","link":"https:\/\/zdravljestudenata.ba\/?page_id=130","title":{"rendered":"Savjetovali\u0161te za mentalno zdravlje"},"content":{"rendered":"<p>Savjetovali\u0161te za mentalno zdravlje se bavi prevencijom mentalnih poreme\u0107aja i njihovim lije\u010denjem, kao i unapre\u0111enjem mentalnog zdravlja u cilju pobolj\u0161anja op\u0161teg zdravstvenog stanja studentske populacije. U skladu sa multidisciplinarnim pristupom, Savjetovali\u0161te \u010dine neuropsihijatar, psiholog, socijalni radnik, te medicinska sestra.Ono \u0161to je zajedni\u010dko ovom timu jeste njihova obu\u010denost da rade sa ljudima koji \u017eele unaprijediti kvalitetu svog \u017eivota i to na na\u010din da:Rije\u0161e neke trenutne pote\u0161ko\u0107e (donesu odluku, prevladaju te\u017eak \u017eivotni doga\u0111aj, pobolj\u0161aju svoj mentalni i socijalnu status), i\/ili dugoro\u010dno pobolj\u0161aju svoje funkcioniranje kroz mijenjanje svojih uvjerenja, pona\u0161anja, na\u010dina na koji upravljaju emocijama, grade me\u0111uljudske odnose. Neuropsihijatar, kao ljekar, je prvenstveno zadu\u017een za medicinski dio pristupa pacijentu. Dijagnosti\u010dki proces uklju\u010duje psihijatrijski i neurolo\u0161ki pristup.Psiholog, u ulozi zdravstvenog radnika, tako\u0111e aktivno u\u010destvuje u dijagnostici i tretmanu. Osposobljen je za procjenu razli\u010ditih karakteristika osobe specifi\u010dnim psiholo\u0161kim metodama i instrumentima (testovima), na osnovu \u010dega pru\u017ea ili savjetuje svojim saradnicima pru\u017eanje odre\u0111enih usluga ili provo\u0111enje odre\u0111enih aktivnosti (zdravstveni tretman, organizaciju rada, edukacije i sl.).Socijalni radnik je usmjeren na rje\u0161avanje problema u me\u0111uljudskim odnosima, u okviru \u0161ireg dru\u0161tvenog konteksta. Savjetovanjem i informisanjem klijenta (prije svega o zakonskim propisima) i saradnjom sa pojedincima, grupama i organizacijama u zajednici, poma\u017ee kako pojedincu tako i porodici da prepozna svoje probleme, bolje razumije socijalne neda\u0107e u kojima se nalazi, razmotri mogu\u0107a rje\u0161enja te, ponajprije vlastitim snagama i mogu\u0107nostima, iza\u0111e na kraj sa njima.Da bi sve ura\u0111eno imalo karakter timskog rada, tu je &lt;strong&gt;medicinska sestra koja to uvezuje u jednu cjelinu kroz administrativni dio posla. Ona \u010dini po\u010detak i kraj: predstavlja ulaz u Savjetovali\u0161te, gdje se pacijent javlja i dobija prve informacije, te po zavr\u0161etku evidentira ura\u0111eno i daje potrebne upute o daljoj realizaciji dogovorenog tretmana.<\/p>\n<p>Bilo bi dobro da se javite u <strong>SAVJETOVALI\u0160TE ZA MENTALNO ZDRAVLJE<\/strong> ukoliko primijetite sljede\u0107e:<\/p>\n<ul>\n<li>Te\u0161ko se prilago\u0111avate promjeni koju ste do\u017eivjeli (novo mjesto stanovanja, nove obaveze i \u017eivotne uloge, bolest, gubitak zna\u010dajnih osoba ili materijalnih dobara\u2026) ili imate pote\u0161ko\u0107a u dono\u0161enju neke va\u017ene odluke;<\/li>\n<li>Zivotni izazovi sa kojima se suo\u010davate Vas mnogo optere\u0107uju i to se lo\u0161e odra\u017eava na Va\u0161e odnose sa drugim ljudima i svakodnevne navike (spavanje, ishranu, izvr\u0161avanje obaveza);Optere\u0107eni ste pote\u0161ko\u0107ama toliko da Vam je te\u0161ko da mislite na bilo \u0161ta drugo;<\/li>\n<li>Primje\u0107ujete da je Va\u0161e raspolo\u017eenje vrlo sni\u017eeno, mnogo pla\u010dete, gubite interes za aktivnosti i ljude koji su vam ranije godili, pesimisti\u010dno razmi\u0161ljate, prisje\u0107ate se pro\u0161lih neuspjeha i ne vjerujete da \u0107ete u budu\u0107nosti do\u017eivjeti lijepe stvari;<\/li>\n<li>Osje\u0107ate jaku ljutnju i te\u0161ko se kontrolirate da ne povrijedite drugu osobu ili sebe;Cini Vam se da ne upravljate najbolje svojim pona\u0161anjem i emocijama i to Vam smeta;<\/li>\n<li>Neugodno se osje\u0107ate u kontaktu sa drugim ljudima, te\u0161ko uspostavljate i odr\u017eavate bliske odnose, brinete kako \u0107e Vas drugi do\u017eivjeti, lako Vas povrijedi pona\u0161anje drugih, imate potrebu da se prika\u017eete druga\u010dijim nego \u0161to jeste;<\/li>\n<li>Nekad Vam se \u010dini da Va\u0161e misli ne pripadaju Vama, da se neobi\u010dne stvari doga\u0111aju sa Va\u0161im umom ili tijelom, okru\u017eenje Vam se \u010dini nestvarno;<\/li>\n<li>Imate jak osje\u0107aj krivice koji Vas ometa u svakodnevnom funkcioniranju i izgradnji kvalitetnih odnosa sa ljudima;<\/li>\n<li>Osje\u0107ate uznemirenost, strah, tjeskobu ili paniku \u0161to povezujete sa nekim neprijatnim okolnostima ili pro\u0161lim doga\u0111ajima, ili ih ne mo\u017eete objasniti;<\/li>\n<li>Do\u017eivljavate neobja\u0161njive i uznemiruju\u0107e tjelesne senzacije i stanja (vrtoglavice, glavobolje, klonulost, bolove u mi\u0161i\u0107ima, trnjenja, te\u0161ko disanje, ubrzan rad srca, probavne pote\u0161ko\u0107e) za koje ne postoji tjelesni uzrok;<\/li>\n<li>Ugro\u017eena su vam osnovna ljudska i zakonska prava, do\u017eivljavate diskriminaciju, stigmatizaciju, socijalnu izoliranost.<\/li>\n<\/ul>\n<p><strong>UPUTE ZA PACIJENTE:<\/strong> Zdravstvenu knji\u017eicu (ovjerenu) i uputnicu od ljekara op\u0161te prakse treba predati medicinskoj sestri.Uz zdravstvenu knji\u017eicu treba prilo\u017eiti dokument za identifikaciju (li\u010dnu kartu ili indeks). Prvi pregled se ne mora zakazati. Zbog prirode posla, mogu\u0107a su zadr\u017eavanja u \u010dekaonici. Molimo Vas za razumijevanje. Hitni slu\u010dajevi imaju prednost. Svoje (ne)zadovoljstvo uslugom mo\u017eete iskazati usmeno ili pismeno (sandu\u010di\u0107 za pohvale i \u017ealbe se nalazi na I spratu).<\/p>\n","protected":false},"excerpt":{"rendered":"<p>Savjetovali\u0161te za mentalno zdravlje se bavi prevencijom mentalnih poreme\u0107aja i njihovim lije\u010denjem, kao i unapre\u0111enjem mentalnog zdravlja u cilju pobolj\u0161anja op\u0161teg zdravstvenog stanja studentske populacije. U skladu sa multidisciplinarnim pristupom, Savjetovali\u0161te \u010dine neuropsihijatar, psiholog, socijalni radnik, te medicinska sestra.Ono \u0161to je zajedni\u010dko ovom timu jeste njihova obu\u010denost da rade sa ljudima koji \u017eele unaprijediti kvalitetu [&hellip;]<\/p>\n","protected":false},"author":1,"featured_media":0,"parent":0,"menu_order":0,"comment_status":"closed","ping_status":"closed","template":"","meta":{"_monsterinsights_skip_tracking":false,"_monsterinsights_sitenote_active":false,"_monsterinsights_sitenote_note":"","_monsterinsights_sitenote_category":0,"footnotes":""},"class_list":["post-130","page","type-page","status-publish","hentry"],"_links":{"self":[{"href":"https:\/\/zdravljestudenata.ba\/index.php?rest_route=\/wp\/v2\/pages\/130"}],"collection":[{"href":"https:\/\/zdravljestudenata.ba\/index.php?rest_route=\/wp\/v2\/pages"}],"about":[{"href":"https:\/\/zdravljestudenata.ba\/index.php?rest_route=\/wp\/v2\/types\/page"}],"author":[{"embeddable":true,"href":"https:\/\/zdravljestudenata.ba\/index.php?rest_route=\/wp\/v2\/users\/1"}],"replies":[{"embeddable":true,"href":"https:\/\/zdravljestudenata.ba\/index.php?rest_route=%2Fwp%2Fv2%2Fcomments&post=130"}],"version-history":[{"count":1,"href":"https:\/\/zdravljestudenata.ba\/index.php?rest_route=\/wp\/v2\/pages\/130\/revisions"}],"predecessor-version":[{"id":131,"href":"https:\/\/zdravljestudenata.ba\/index.php?rest_route=\/wp\/v2\/pages\/130\/revisions\/131"}],"wp:attachment":[{"href":"https:\/\/zdravljestudenata.ba\/index.php?rest_route=%2Fwp%2Fv2%2Fmedia&parent=130"}],"curies":[{"name":"wp","href":"https:\/\/api.w.org\/{rel}","templated":true}]}}