{"id":128,"date":"2017-01-05T00:02:38","date_gmt":"2017-01-05T00:02:38","guid":{"rendered":"http:\/\/zdravljestudenata.ba\/?page_id=128"},"modified":"2020-10-22T11:12:58","modified_gmt":"2020-10-22T11:12:58","slug":"vizija","status":"publish","type":"page","link":"https:\/\/zdravljestudenata.ba\/?page_id=128","title":{"rendered":"Vizija"},"content":{"rendered":"<p>Na\u0161a vizija razvoja ove institucije za mlade kao i Univerzitet u Sarajevu je afirmacija svih edukativnih programa i sadr\u017eaja kao i predavanja iz oblasti zdravstvene kulture , prevencije i svih drugih tema koje se odnose na razli\u010dite patologije, a koja su na\u017ealost, sve vi\u0161e zastupljena i kod mladih. Ultimativni cilj medicinske nauke i struke je preventivno djelovanje. Zavod za zdravstvenu za\u0161titu studenata Univerziteta u Sarajevu je u poziciji da se na najuspje\u0161niji na\u010din bavi time.<\/p>\n","protected":false},"excerpt":{"rendered":"<p>Na\u0161a vizija razvoja ove institucije za mlade kao i Univerzitet u Sarajevu je afirmacija svih edukativnih programa i sadr\u017eaja kao i predavanja iz oblasti zdravstvene kulture , prevencije i svih drugih tema koje se odnose na razli\u010dite patologije, a koja su na\u017ealost, sve vi\u0161e zastupljena i kod mladih. Ultimativni cilj medicinske nauke i struke je [&hellip;]<\/p>\n","protected":false},"author":1,"featured_media":0,"parent":0,"menu_order":0,"comment_status":"closed","ping_status":"closed","template":"","meta":{"_monsterinsights_skip_tracking":false,"_monsterinsights_sitenote_active":false,"_monsterinsights_sitenote_note":"","_monsterinsights_sitenote_category":0,"footnotes":""},"class_list":["post-128","page","type-page","status-publish","hentry"],"_links":{"self":[{"href":"https:\/\/zdravljestudenata.ba\/index.php?rest_route=\/wp\/v2\/pages\/128"}],"collection":[{"href":"https:\/\/zdravljestudenata.ba\/index.php?rest_route=\/wp\/v2\/pages"}],"about":[{"href":"https:\/\/zdravljestudenata.ba\/index.php?rest_route=\/wp\/v2\/types\/page"}],"author":[{"embeddable":true,"href":"https:\/\/zdravljestudenata.ba\/index.php?rest_route=\/wp\/v2\/users\/1"}],"replies":[{"embeddable":true,"href":"https:\/\/zdravljestudenata.ba\/index.php?rest_route=%2Fwp%2Fv2%2Fcomments&post=128"}],"version-history":[{"count":2,"href":"https:\/\/zdravljestudenata.ba\/index.php?rest_route=\/wp\/v2\/pages\/128\/revisions"}],"predecessor-version":[{"id":571,"href":"https:\/\/zdravljestudenata.ba\/index.php?rest_route=\/wp\/v2\/pages\/128\/revisions\/571"}],"wp:attachment":[{"href":"https:\/\/zdravljestudenata.ba\/index.php?rest_route=%2Fwp%2Fv2%2Fmedia&parent=128"}],"curies":[{"name":"wp","href":"https:\/\/api.w.org\/{rel}","templated":true}]}}