{"id":126,"date":"2017-01-05T00:01:37","date_gmt":"2017-01-05T00:01:37","guid":{"rendered":"http:\/\/zdravljestudenata.ba\/?page_id=126"},"modified":"2019-08-22T05:26:31","modified_gmt":"2019-08-22T05:26:31","slug":"misija","status":"publish","type":"page","link":"https:\/\/zdravljestudenata.ba\/?page_id=126","title":{"rendered":"Misija"},"content":{"rendered":"<p>&nbsp;<\/p>\n<div id=\"\\&quot;content\\&quot;\">\n<div class=\"\\&quot;region\">\n<div id=\"\\&quot;block-system-main\\&quot;\" class=\"\\&quot;block\">\n<div class=\"\\&quot;content\\&quot;\">\n<div id=\"\\&quot;node-433\\&quot;\" class=\"\\&quot;node\">\n<div class=\"\\&quot;content\\&quot;\">\n<div class=\"\\&quot;field\">\n<div class=\"\\&quot;field-items\\&quot;\">\n<div class=\"\\&quot;field-item\">\n<p>Zavod za zdravstvenu za\u0161titu studenata Univerziteta u Sarajevu kao primarni cilj ima o\u010duvanje i brigu o zdravlju studenata, no na\u0161a misija je uspostaviti odnos pun povjerenja i uzajamnog po\u0161tovanja izme\u0111u medicinskog osoblja i pacijenata te promovisati zdrav na\u010din \u017eivota i brigu, o vlastitom tijelu i umu, kod studenata.<\/p>\n<\/div>\n<\/div>\n<\/div>\n<\/div>\n<\/div>\n<\/div>\n<\/div>\n<\/div>\n<\/div>\n","protected":false},"excerpt":{"rendered":"<p>&nbsp; Zavod za zdravstvenu za\u0161titu studenata Univerziteta u Sarajevu kao primarni cilj ima o\u010duvanje i brigu o zdravlju studenata, no na\u0161a misija je uspostaviti odnos pun povjerenja i uzajamnog po\u0161tovanja izme\u0111u medicinskog osoblja i pacijenata te promovisati zdrav na\u010din \u017eivota i brigu, o vlastitom tijelu i umu, kod studenata.<\/p>\n","protected":false},"author":1,"featured_media":0,"parent":0,"menu_order":0,"comment_status":"closed","ping_status":"closed","template":"","meta":{"_monsterinsights_skip_tracking":false,"_monsterinsights_sitenote_active":false,"_monsterinsights_sitenote_note":"","_monsterinsights_sitenote_category":0,"footnotes":""},"class_list":["post-126","page","type-page","status-publish","hentry"],"_links":{"self":[{"href":"https:\/\/zdravljestudenata.ba\/index.php?rest_route=\/wp\/v2\/pages\/126"}],"collection":[{"href":"https:\/\/zdravljestudenata.ba\/index.php?rest_route=\/wp\/v2\/pages"}],"about":[{"href":"https:\/\/zdravljestudenata.ba\/index.php?rest_route=\/wp\/v2\/types\/page"}],"author":[{"embeddable":true,"href":"https:\/\/zdravljestudenata.ba\/index.php?rest_route=\/wp\/v2\/users\/1"}],"replies":[{"embeddable":true,"href":"https:\/\/zdravljestudenata.ba\/index.php?rest_route=%2Fwp%2Fv2%2Fcomments&post=126"}],"version-history":[{"count":2,"href":"https:\/\/zdravljestudenata.ba\/index.php?rest_route=\/wp\/v2\/pages\/126\/revisions"}],"predecessor-version":[{"id":349,"href":"https:\/\/zdravljestudenata.ba\/index.php?rest_route=\/wp\/v2\/pages\/126\/revisions\/349"}],"wp:attachment":[{"href":"https:\/\/zdravljestudenata.ba\/index.php?rest_route=%2Fwp%2Fv2%2Fmedia&parent=126"}],"curies":[{"name":"wp","href":"https:\/\/api.w.org\/{rel}","templated":true}]}}