{"id":120,"date":"2017-01-04T23:55:49","date_gmt":"2017-01-04T23:55:49","guid":{"rendered":"http:\/\/zdravljestudenata.ba\/?page_id=120"},"modified":"2017-03-27T11:55:04","modified_gmt":"2017-03-27T11:55:04","slug":"internisticki-kabinet","status":"publish","type":"page","link":"https:\/\/zdravljestudenata.ba\/?page_id=120","title":{"rendered":"Internisti\u010dki kabinet"},"content":{"rendered":"<p><img loading=\"lazy\" decoding=\"async\" class=\" wp-image-123 aligncenter\" src=\"http:\/\/zdravljestudenata.ba\/wp-content\/uploads\/2017\/01\/kardiolog-gdynia-1-820x447-1-300x164-300x164.jpg\" alt=\"\" width=\"481\" height=\"263\" \/><\/p>\n<p>Interna medicina je specijalisti\u010dka grana medicine koja se bavi prevencijom, dijagnostikom i lije\u010denjem bolesti odraslih osoba. Grana medicine koja ima vi\u0161e subspecijalisti\u010dkih grana : kardiologija, gastroenterologija, endokrinologija, hematologija, alergologija, pulmologija, reumatologija, nefrologija i onkologija. Ljekari specijalisti interne medicine se bave lije\u010denjem pacijenata koji mogu imati izolovane zdravstvene probleme odre\u0111enih unutra\u0161njih organa ili nediferencirane ili multisistemske procese ili oboljenja. U svom radu koriste savremene medicinske aparate za dijagnostiku i svojim pacijentima omogu\u0107avaju kompletan uvid u njihovo zdravstveno stanje kao i dalje pra\u0107enje.<\/p>\n<p>U<strong> Zavodu za zdravstvenu za\u0161titu studenata Sarajevo Univerziteta u Sarajevu<\/strong> izuzetnu pa\u017enju poklanjamo i prevenciji koja se sprovodi putem redovnih specijalisti\u010dkih i sistematskih pregleda kako za pojedince tako i za grupe. Subspecijalista kardiolog pru\u017ea kontinuiranu brigu svakom pacijentu po\u010dev od prvog susreta koji je obi\u010dno u obliku fizikalnog pregleda, zatim dijagnostike i utvr\u0111ivanja trenutnog zdravstvenog stanja do savjetovanja, odre\u0111ivanja adekvatne terapije i daljeg pra\u0107enja ukoliko postoji potreba.<\/p>\n<p>Usluge koje obavljamo u Zavodu u skopu internisti\u010dkog kabineta su:<\/p>\n<ul>\n<li><strong>Analiza i interpretacija EKG;<\/strong><\/li>\n<li><strong>Analiza i interpretacija EKG pod optere\u0107enjem;<\/strong><\/li>\n<li><strong>24-\u010dasovni Holter monitoring srca i krvnog pritiska;<\/strong><\/li>\n<li><strong>Internisti\u010dki pregled uz nalaz i mi\u0161ljenje;<\/strong><\/li>\n<li><strong>Kardiolo\u0161ki pregled uz nalaz i mi\u0161ljenje;<\/strong><\/li>\n<li><strong>Pra\u0107enje vitalnih parametara internisti\u010dkih i kardiolo\u0161kih pacijenata;<\/strong><\/li>\n<li><strong>Pra\u0107enje efekata terapije;<\/strong><\/li>\n<li><strong>Predoperativne pripreme i davanje saglasnosti za operativni tretman;<\/strong><\/li>\n<li><strong>Redovni i sistematski pregledi studenata Univerziteta u Sarajevu;<\/strong><\/li>\n<li><strong>Sistematski i kontrolni pregledi radnika Univerziteta u Sarajevu;<\/strong><\/li>\n<li><strong>Pra\u0107enje kvaliteta \u017eivota studenata Univerziteta u Sarajevu, uz davanje preporuka za modifikaciju \u017eivotnog stila;<\/strong><\/li>\n<li><strong>Predavanja(u Zavodu) u malim skupinama o zna\u010daju prevencije iz svih oblasti interne medicine;<\/strong><\/li>\n<li><strong>Promocija pozitivnih stilova \u017eivljenja za studente Univerziteta u Sarajevu;<\/strong><\/li>\n<\/ul>\n","protected":false},"excerpt":{"rendered":"<p>Interna medicina je specijalisti\u010dka grana medicine koja se bavi prevencijom, dijagnostikom i lije\u010denjem bolesti odraslih osoba. Grana medicine koja ima vi\u0161e subspecijalisti\u010dkih grana : kardiologija, gastroenterologija, endokrinologija, hematologija, alergologija, pulmologija, reumatologija, nefrologija i onkologija. Ljekari specijalisti interne medicine se bave lije\u010denjem pacijenata koji mogu imati izolovane zdravstvene probleme odre\u0111enih unutra\u0161njih organa ili nediferencirane ili multisistemske [&hellip;]<\/p>\n","protected":false},"author":1,"featured_media":0,"parent":0,"menu_order":0,"comment_status":"closed","ping_status":"closed","template":"","meta":{"_monsterinsights_skip_tracking":false,"_monsterinsights_sitenote_active":false,"_monsterinsights_sitenote_note":"","_monsterinsights_sitenote_category":0,"footnotes":""},"class_list":["post-120","page","type-page","status-publish","hentry"],"_links":{"self":[{"href":"https:\/\/zdravljestudenata.ba\/index.php?rest_route=\/wp\/v2\/pages\/120"}],"collection":[{"href":"https:\/\/zdravljestudenata.ba\/index.php?rest_route=\/wp\/v2\/pages"}],"about":[{"href":"https:\/\/zdravljestudenata.ba\/index.php?rest_route=\/wp\/v2\/types\/page"}],"author":[{"embeddable":true,"href":"https:\/\/zdravljestudenata.ba\/index.php?rest_route=\/wp\/v2\/users\/1"}],"replies":[{"embeddable":true,"href":"https:\/\/zdravljestudenata.ba\/index.php?rest_route=%2Fwp%2Fv2%2Fcomments&post=120"}],"version-history":[{"count":6,"href":"https:\/\/zdravljestudenata.ba\/index.php?rest_route=\/wp\/v2\/pages\/120\/revisions"}],"predecessor-version":[{"id":249,"href":"https:\/\/zdravljestudenata.ba\/index.php?rest_route=\/wp\/v2\/pages\/120\/revisions\/249"}],"wp:attachment":[{"href":"https:\/\/zdravljestudenata.ba\/index.php?rest_route=%2Fwp%2Fv2%2Fmedia&parent=120"}],"curies":[{"name":"wp","href":"https:\/\/api.w.org\/{rel}","templated":true}]}}