{"id":118,"date":"2017-01-04T23:53:07","date_gmt":"2017-01-04T23:53:07","guid":{"rendered":"http:\/\/zdravljestudenata.ba\/?page_id=118"},"modified":"2021-03-05T07:37:16","modified_gmt":"2021-03-05T07:37:16","slug":"dermatoveneroloski-kabinet","status":"publish","type":"page","link":"https:\/\/zdravljestudenata.ba\/?page_id=118","title":{"rendered":"Dermatovenerolo\u0161ki kabinet"},"content":{"rendered":"<p><img loading=\"lazy\" decoding=\"async\" class=\" wp-image-165 aligncenter\" src=\"http:\/\/zdravljestudenata.ba\/wp-content\/uploads\/2017\/01\/plastik-cerrahi-150x150.jpg\" alt=\"\" width=\"247\" height=\"247\" \/><\/p>\n<p>&nbsp;<\/p>\n<p>Kao najveci organ u ljudskom tijelu ko\u017ea zahtijeva posebnu pa\u017enju- od higijene i njege, do pra\u0107enja promjena i tretmana enventualnog oboljenja. Danas mlade\u017ei privlace pa\u017enju radi porasta broja melanoma. Dermatoskopija, kao nova neinvazivna metoda procjene dobro\u0107udnosti, odnosno zlo\u0107udnosti pigmentnih promjena, izraslina na ko\u017ei,odnosno mlade\u017ea, dostupna je na\u0161im pacijentima( ru\u010dni dermatoskop). Zavod za zdravstvenu za\u0161titu studenata Univerziteta u Sarajevu nudi specijalisti\u010dke dermatovenerolo\u0161ke usluge prvenstveno studentima, ali i drugim pojedincima i grupama koji \u017eele koristiti usluge Zavoda.<\/p>\n","protected":false},"excerpt":{"rendered":"<p>&nbsp; Kao najveci organ u ljudskom tijelu ko\u017ea zahtijeva posebnu pa\u017enju- od higijene i njege, do pra\u0107enja promjena i tretmana enventualnog oboljenja. Danas mlade\u017ei privlace pa\u017enju radi porasta broja melanoma. Dermatoskopija, kao nova neinvazivna metoda procjene dobro\u0107udnosti, odnosno zlo\u0107udnosti pigmentnih promjena, izraslina na ko\u017ei,odnosno mlade\u017ea, dostupna je na\u0161im pacijentima( ru\u010dni dermatoskop). Zavod za zdravstvenu za\u0161titu [&hellip;]<\/p>\n","protected":false},"author":1,"featured_media":0,"parent":0,"menu_order":0,"comment_status":"closed","ping_status":"closed","template":"","meta":{"_monsterinsights_skip_tracking":false,"_monsterinsights_sitenote_active":false,"_monsterinsights_sitenote_note":"","_monsterinsights_sitenote_category":0,"footnotes":""},"class_list":["post-118","page","type-page","status-publish","hentry"],"_links":{"self":[{"href":"https:\/\/zdravljestudenata.ba\/index.php?rest_route=\/wp\/v2\/pages\/118"}],"collection":[{"href":"https:\/\/zdravljestudenata.ba\/index.php?rest_route=\/wp\/v2\/pages"}],"about":[{"href":"https:\/\/zdravljestudenata.ba\/index.php?rest_route=\/wp\/v2\/types\/page"}],"author":[{"embeddable":true,"href":"https:\/\/zdravljestudenata.ba\/index.php?rest_route=\/wp\/v2\/users\/1"}],"replies":[{"embeddable":true,"href":"https:\/\/zdravljestudenata.ba\/index.php?rest_route=%2Fwp%2Fv2%2Fcomments&post=118"}],"version-history":[{"count":3,"href":"https:\/\/zdravljestudenata.ba\/index.php?rest_route=\/wp\/v2\/pages\/118\/revisions"}],"predecessor-version":[{"id":627,"href":"https:\/\/zdravljestudenata.ba\/index.php?rest_route=\/wp\/v2\/pages\/118\/revisions\/627"}],"wp:attachment":[{"href":"https:\/\/zdravljestudenata.ba\/index.php?rest_route=%2Fwp%2Fv2%2Fmedia&parent=118"}],"curies":[{"name":"wp","href":"https:\/\/api.w.org\/{rel}","templated":true}]}}