{"id":112,"date":"2017-01-04T23:48:13","date_gmt":"2017-01-04T23:48:13","guid":{"rendered":"http:\/\/zdravljestudenata.ba\/?page_id=112"},"modified":"2025-02-25T07:47:12","modified_gmt":"2025-02-25T07:47:12","slug":"oftamoloski-kabinet","status":"publish","type":"page","link":"https:\/\/zdravljestudenata.ba\/?page_id=112","title":{"rendered":"Oftamolo\u0161ki kabinet"},"content":{"rendered":"<p><img loading=\"lazy\" decoding=\"async\" class=\" wp-image-106 aligncenter\" src=\"http:\/\/zdravljestudenata.ba\/wp-content\/uploads\/2017\/01\/slider1-1-300x201-300x201.jpg\" alt=\"\" width=\"449\" height=\"301\" \/><\/p>\n<p>Studenti su osjetljiva skupina kada govorimo o oftalmolo\u0161kim smetnjama budu\u0107i da ve\u0107inu vremena provode \u010ditaju\u0107i i prakti\u010dno napre\u017eu\u0107i o\u010di odnosno o\u010dne mi\u0161i\u0107e.<\/p>\n<p>U Slu\u017ebi za oftalmologiju studenti mogu obaviti sljede\u0107e:<\/p>\n<ul>\n<li><strong>Utvr\u0111ivanje o\u0161trine vida i prepisivanje nao\u010dara ili kontaktnih so\u010diva uz prethodno odre\u0111ivanje dioptrije putem kompjuterske refraktometrije;<\/strong><\/li>\n<li><strong>Pro\u0107i edukaciju o kori\u0161tenju kontaktnih le\u0107a;<\/strong><\/li>\n<li><strong>Mjerenje o\u010dnog pritiska;<\/strong><\/li>\n<li><strong>Pregled i lije\u010denje infekcija oka;<\/strong><\/li>\n<li><strong>Pregled i kontrola kolornog vida;<\/strong><\/li>\n<li><strong>Pregled i lije\u010denje prednjeg i stra\u017enjeg segmenta oka;<\/strong><\/li>\n<li><strong>Mjerenje o\u010dnog pritiska( po indikacijama).<\/strong><\/li>\n<\/ul>\n<p>Studenti od na\u0161eg specijaliste oftalomologije mogu dobiti savjet kako sprije\u010diti ili smanjiti subjektivne smetnje koje imaju kao posljedicu intenzivnog rada na blizinu odnosno u\u010denja. Osim toga, osoblje \u0107e vam veoma rado pomo\u0107i i sa savjetima o o\u010duvanju vida i prevenciji o\u0161te\u0107enja istog. Slu\u017eba sa pacijentima radi svaki radni dan u periodu od <strong>07:30h- 14:00h<\/strong> a posjetu ne morate prethodno najaviti no\u00a0morate imati ovjerenu zdravstvenu knji\u017eicu.<\/p>\n","protected":false},"excerpt":{"rendered":"<p>Studenti su osjetljiva skupina kada govorimo o oftalmolo\u0161kim smetnjama budu\u0107i da ve\u0107inu vremena provode \u010ditaju\u0107i i prakti\u010dno napre\u017eu\u0107i o\u010di odnosno o\u010dne mi\u0161i\u0107e. U Slu\u017ebi za oftalmologiju studenti mogu obaviti sljede\u0107e: Utvr\u0111ivanje o\u0161trine vida i prepisivanje nao\u010dara ili kontaktnih so\u010diva uz prethodno odre\u0111ivanje dioptrije putem kompjuterske refraktometrije; Pro\u0107i edukaciju o kori\u0161tenju kontaktnih le\u0107a; Mjerenje o\u010dnog pritiska; [&hellip;]<\/p>\n","protected":false},"author":1,"featured_media":0,"parent":0,"menu_order":0,"comment_status":"closed","ping_status":"closed","template":"","meta":{"_monsterinsights_skip_tracking":false,"_monsterinsights_sitenote_active":false,"_monsterinsights_sitenote_note":"","_monsterinsights_sitenote_category":0,"footnotes":""},"class_list":["post-112","page","type-page","status-publish","hentry"],"_links":{"self":[{"href":"https:\/\/zdravljestudenata.ba\/index.php?rest_route=\/wp\/v2\/pages\/112"}],"collection":[{"href":"https:\/\/zdravljestudenata.ba\/index.php?rest_route=\/wp\/v2\/pages"}],"about":[{"href":"https:\/\/zdravljestudenata.ba\/index.php?rest_route=\/wp\/v2\/types\/page"}],"author":[{"embeddable":true,"href":"https:\/\/zdravljestudenata.ba\/index.php?rest_route=\/wp\/v2\/users\/1"}],"replies":[{"embeddable":true,"href":"https:\/\/zdravljestudenata.ba\/index.php?rest_route=%2Fwp%2Fv2%2Fcomments&post=112"}],"version-history":[{"count":5,"href":"https:\/\/zdravljestudenata.ba\/index.php?rest_route=\/wp\/v2\/pages\/112\/revisions"}],"predecessor-version":[{"id":1367,"href":"https:\/\/zdravljestudenata.ba\/index.php?rest_route=\/wp\/v2\/pages\/112\/revisions\/1367"}],"wp:attachment":[{"href":"https:\/\/zdravljestudenata.ba\/index.php?rest_route=%2Fwp%2Fv2%2Fmedia&parent=112"}],"curies":[{"name":"wp","href":"https:\/\/api.w.org\/{rel}","templated":true}]}}