{"id":110,"date":"2017-01-04T23:44:38","date_gmt":"2017-01-04T23:44:38","guid":{"rendered":"http:\/\/zdravljestudenata.ba\/?page_id=110"},"modified":"2017-01-05T12:52:01","modified_gmt":"2017-01-05T12:52:01","slug":"usluge","status":"publish","type":"page","link":"https:\/\/zdravljestudenata.ba\/?page_id=110","title":{"rendered":"Usluge"},"content":{"rendered":"<p>Pored osnovne djelatnosti, Zavod izdaje i:<\/p>\n<ul>\n<ul>\n<li><strong>Ljekarska uvjerenja za upis na fakultet.<\/strong><\/li>\n<li><strong>Ljekarsko uvjerenje za smje\u0161taj u studentski dom.<\/strong><\/li>\n<\/ul>\n<\/ul>\n<p>Pored navedenog Zavod raspola\u017ee savremenom opremom za dijagnostiku:<\/p>\n<ul>\n<ul>\n<li><strong>EKG.<\/strong><\/li>\n<li><strong>24h holter monitoring.<\/strong><\/li>\n<li><strong>Ultrazvuk \u0161titne \u017eijezde.<\/strong><\/li>\n<li><strong>Ultrazvuk dojki.<\/strong><\/li>\n<li><strong>Ultrazvuk abdomena.<\/strong><\/li>\n<li><strong>Ultrazvuk ostalih regija prema potrebi.<\/strong><\/li>\n<li><strong>Sedimentacija eritrocita.<\/strong><\/li>\n<li><strong>Kompletna krvna slika<\/strong><\/li>\n<li><strong>Biohemijske analize(<em>Glukoza, Urea, Kreatinin, Mokra\u0107na kiselina(urat) , Bilirubin ukupni, Ukupni proteini, Albumini, AST, ALT, Gama GT, LDH<\/em><\/strong><\/li>\n<li><strong>Pregled urina sa sedimentom.<\/strong><\/li>\n<li><strong>Spirometar.<\/strong><\/li>\n<li><strong>Kolposkop.<\/strong><\/li>\n<li><strong>Papanicolaou &#8211; test.<\/strong><\/li>\n<li><strong>Dermatoskop.<\/strong><\/li>\n<li><strong>Audio-vestibulogram.<\/strong><\/li>\n<\/ul>\n<\/ul>\n<p>Kod sistematskih pregleda uklju\u010dene su <strong>laboratorijske pretrage<\/strong> <em>(kompletna krvna slika, diferencijalna krvna slika, sedimentacija, \u0161e\u0107er u krvi, holesterol, trigliceridi)<\/em>&#8216;<\/p>\n","protected":false},"excerpt":{"rendered":"<p>Pored osnovne djelatnosti, Zavod izdaje i: Ljekarska uvjerenja za upis na fakultet. Ljekarsko uvjerenje za smje\u0161taj u studentski dom. Pored navedenog Zavod raspola\u017ee savremenom opremom za dijagnostiku: EKG. 24h holter monitoring. Ultrazvuk \u0161titne \u017eijezde. Ultrazvuk dojki. Ultrazvuk abdomena. Ultrazvuk ostalih regija prema potrebi. Sedimentacija eritrocita. Kompletna krvna slika Biohemijske analize(Glukoza, Urea, Kreatinin, Mokra\u0107na kiselina(urat) , [&hellip;]<\/p>\n","protected":false},"author":1,"featured_media":0,"parent":0,"menu_order":0,"comment_status":"closed","ping_status":"closed","template":"","meta":{"_monsterinsights_skip_tracking":false,"_monsterinsights_sitenote_active":false,"_monsterinsights_sitenote_note":"","_monsterinsights_sitenote_category":0,"footnotes":""},"class_list":["post-110","page","type-page","status-publish","hentry"],"_links":{"self":[{"href":"https:\/\/zdravljestudenata.ba\/index.php?rest_route=\/wp\/v2\/pages\/110"}],"collection":[{"href":"https:\/\/zdravljestudenata.ba\/index.php?rest_route=\/wp\/v2\/pages"}],"about":[{"href":"https:\/\/zdravljestudenata.ba\/index.php?rest_route=\/wp\/v2\/types\/page"}],"author":[{"embeddable":true,"href":"https:\/\/zdravljestudenata.ba\/index.php?rest_route=\/wp\/v2\/users\/1"}],"replies":[{"embeddable":true,"href":"https:\/\/zdravljestudenata.ba\/index.php?rest_route=%2Fwp%2Fv2%2Fcomments&post=110"}],"version-history":[{"count":2,"href":"https:\/\/zdravljestudenata.ba\/index.php?rest_route=\/wp\/v2\/pages\/110\/revisions"}],"predecessor-version":[{"id":221,"href":"https:\/\/zdravljestudenata.ba\/index.php?rest_route=\/wp\/v2\/pages\/110\/revisions\/221"}],"wp:attachment":[{"href":"https:\/\/zdravljestudenata.ba\/index.php?rest_route=%2Fwp%2Fv2%2Fmedia&parent=110"}],"curies":[{"name":"wp","href":"https:\/\/api.w.org\/{rel}","templated":true}]}}