{"id":105,"date":"2017-01-04T23:39:50","date_gmt":"2017-01-04T23:39:50","guid":{"rendered":"http:\/\/zdravljestudenata.ba\/?page_id=105"},"modified":"2025-02-25T07:45:14","modified_gmt":"2025-02-25T07:45:14","slug":"rj-laboratorijska-dijagnostika","status":"publish","type":"page","link":"https:\/\/zdravljestudenata.ba\/?page_id=105","title":{"rendered":"RJ Laboratorijska dijagnostika"},"content":{"rendered":"<p><img loading=\"lazy\" decoding=\"async\" class=\" wp-image-106 aligncenter\" src=\"http:\/\/zdravljestudenata.ba\/wp-content\/uploads\/2017\/01\/slider1-1-300x201-300x201.jpg\" alt=\"\" width=\"427\" height=\"286\" \/><\/p>\n<p>Radna jedinica laboratorijske dijagnostike obavl\u0458a laboratorijske analize za pacijente. Radno vrijeme laboratorije sa pacijentima je od <strong>\u00a007:30h \u2013 14:00h<\/strong> radnim danima (Pauza: <strong>10:30-11:00<\/strong>). Uzimanje uzoraka se vr\u0161i od <strong>07:30h -09:30h<\/strong>. Potrebno je imati ovjerenu zdravstvenu knji\u017eicu te uputnicu ljekara op\u0161te prakse.<\/p>\n<p>Analize koje se rade u laboratoriji:<\/p>\n<ul>\n<li><strong>Sedimentacija eritrocita<\/strong><\/li>\n<li><strong>Pregled urina sa sedimentom.<\/strong><\/li>\n<li><strong>Kompletna krvna slika<\/strong><\/li>\n<li><strong>Biohemijske analize(Glukoza, Urea, Kreatinin, Mokra\u0107na kiselina(urat) , Bilirubin ukupni, Ukupni proteini, Albumini, AST, ALT, Gama GT, LDH)<\/strong><\/li>\n<\/ul>\n<p>Priprema pacijenta za laboratorijske analize je neophodna kako ne bi do\u0161lo do pogre\u0161ne interpretacije rezultata;<br \/>\n<strong>\u2022 Posljednji obrok (lak\u0161a hrana) 10 do 12 sati prije va\u0111enja krvi, dozvol\u0458eno je piti vodu do momenta va\u0111enja krvi.<\/strong><br \/>\n<strong> \u2022 Pacijenti pod terapijom svoju jutarnju dozu uze\u0107e nakon va\u0111enja krvi ili u dogovoru sa ljekarom koji je dao uput.<\/strong><br \/>\n<strong> \u2022 Pacijenti na oralnoj terapiji preparatima gvo\u017e\u0111a krv vade nakon 10 dana po prestanku uzimanja terapije.<\/strong><\/p>\n<p>Napomena:<strong>KRV se uzima u jutarnjim satima.<\/strong><\/p>\n","protected":false},"excerpt":{"rendered":"<p>Radna jedinica laboratorijske dijagnostike obavl\u0458a laboratorijske analize za pacijente. Radno vrijeme laboratorije sa pacijentima je od \u00a007:30h \u2013 14:00h radnim danima (Pauza: 10:30-11:00). Uzimanje uzoraka se vr\u0161i od 07:30h -09:30h. Potrebno je imati ovjerenu zdravstvenu knji\u017eicu te uputnicu ljekara op\u0161te prakse. Analize koje se rade u laboratoriji: Sedimentacija eritrocita Pregled urina sa sedimentom. Kompletna krvna [&hellip;]<\/p>\n","protected":false},"author":1,"featured_media":0,"parent":0,"menu_order":0,"comment_status":"closed","ping_status":"closed","template":"","meta":{"_monsterinsights_skip_tracking":false,"_monsterinsights_sitenote_active":false,"_monsterinsights_sitenote_note":"","_monsterinsights_sitenote_category":0,"footnotes":""},"class_list":["post-105","page","type-page","status-publish","hentry"],"_links":{"self":[{"href":"https:\/\/zdravljestudenata.ba\/index.php?rest_route=\/wp\/v2\/pages\/105"}],"collection":[{"href":"https:\/\/zdravljestudenata.ba\/index.php?rest_route=\/wp\/v2\/pages"}],"about":[{"href":"https:\/\/zdravljestudenata.ba\/index.php?rest_route=\/wp\/v2\/types\/page"}],"author":[{"embeddable":true,"href":"https:\/\/zdravljestudenata.ba\/index.php?rest_route=\/wp\/v2\/users\/1"}],"replies":[{"embeddable":true,"href":"https:\/\/zdravljestudenata.ba\/index.php?rest_route=%2Fwp%2Fv2%2Fcomments&post=105"}],"version-history":[{"count":5,"href":"https:\/\/zdravljestudenata.ba\/index.php?rest_route=\/wp\/v2\/pages\/105\/revisions"}],"predecessor-version":[{"id":1365,"href":"https:\/\/zdravljestudenata.ba\/index.php?rest_route=\/wp\/v2\/pages\/105\/revisions\/1365"}],"wp:attachment":[{"href":"https:\/\/zdravljestudenata.ba\/index.php?rest_route=%2Fwp%2Fv2%2Fmedia&parent=105"}],"curies":[{"name":"wp","href":"https:\/\/api.w.org\/{rel}","templated":true}]}}